{"id":3098,"date":"2015-09-23T16:17:49","date_gmt":"2015-09-23T15:17:49","guid":{"rendered":"http:\/\/www.wagnerverlag.at\/content\/?post_type=product&#038;p=3098"},"modified":"2016-07-04T09:49:07","modified_gmt":"2016-07-04T08:49:07","slug":"george-wozasek","status":"publish","type":"product","link":"https:\/\/www.wagnerverlag.at\/content\/?product=george-wozasek","title":{"rendered":"George Wozasek. Eine biografische Spurensuche"},"content":{"rendered":"<p style=\"text-align: justify;\">Seit 1980 ist DI George Wozasek Pr\u00e4sident der Israelitischen Kultusgemeinde Linz. Er wurde 1925 in Wien geboren und verbrachte seine Kindheit in Amstetten. Nach der nationalsozialistischen Machtergreifung 1938 wurden er und seine Familie aus ihrer Heimat vertrieben. Nach pr\u00e4genden Jugendjahren in den USA kehrte George Wozasek 1951 nach \u00d6sterreich zur\u00fcck und baute sich hier beruflich wie privat eine neue Existenz auf. Die vorliegende Biografie begibt sich auf Spurensuche und gew\u00e4hrt Einblick in eine wechselvolle Lebensgeschichte, die auch ein St\u00fcck \u00f6sterreichische Zeitgeschichte repr\u00e4sentiert.<\/p>\n","protected":false},"excerpt":{"rendered":"<p>ISBN: 978-3-902330-75-8<\/p>\n<p>155 Seiten, zahlreiche Abbildungen<\/p>\n<p><span style=\"color: #ff0000;\"><a style=\"color: #ff0000;\" href=\"https:\/\/www.wagnerverlag.at\/content\/wp-content\/uploads\/2012\/11\/Inhalt-Wozasek2.pdf\">Inhaltsverzeichnis<\/a><\/span><\/p>\n<p>Bestellnummer: 1213<\/p>\n","protected":false},"featured_media":4021,"comment_status":"closed","ping_status":"closed","template":"","meta":{"pgc_meta":"","kia_subtitle":"Birgit Kirchmayr"},"product_cat":[107],"product_tag":[194],"acf":[],"_links":{"self":[{"href":"https:\/\/www.wagnerverlag.at\/content\/index.php?rest_route=\/wp\/v2\/product\/3098"}],"collection":[{"href":"https:\/\/www.wagnerverlag.at\/content\/index.php?rest_route=\/wp\/v2\/product"}],"about":[{"href":"https:\/\/www.wagnerverlag.at\/content\/index.php?rest_route=\/wp\/v2\/types\/product"}],"replies":[{"embeddable":true,"href":"https:\/\/www.wagnerverlag.at\/content\/index.php?rest_route=%2Fwp%2Fv2%2Fcomments&post=3098"}],"wp:featuredmedia":[{"embeddable":true,"href":"https:\/\/www.wagnerverlag.at\/content\/index.php?rest_route=\/wp\/v2\/media\/4021"}],"wp:attachment":[{"href":"https:\/\/www.wagnerverlag.at\/content\/index.php?rest_route=%2Fwp%2Fv2%2Fmedia&parent=3098"}],"wp:term":[{"taxonomy":"product_cat","embeddable":true,"href":"https:\/\/www.wagnerverlag.at\/content\/index.php?rest_route=%2Fwp%2Fv2%2Fproduct_cat&post=3098"},{"taxonomy":"product_tag","embeddable":true,"href":"https:\/\/www.wagnerverlag.at\/content\/index.php?rest_route=%2Fwp%2Fv2%2Fproduct_tag&post=3098"}],"curies":[{"name":"wp","href":"https:\/\/api.w.org\/{rel}","templated":true}]}}