{"id":3093,"date":"2015-09-23T15:51:24","date_gmt":"2015-09-23T14:51:24","guid":{"rendered":"http:\/\/www.wagnerverlag.at\/content\/?post_type=product&#038;p=3093"},"modified":"2017-07-10T09:09:12","modified_gmt":"2017-07-10T08:09:12","slug":"weg-von-hier","status":"publish","type":"product","link":"https:\/\/www.wagnerverlag.at\/content\/?product=weg-von-hier","title":{"rendered":"Weg von hier \u2026 Linz \u2013 Shanghai \u2013 Israel. Stationen im Leben der Linzer J\u00fcdin Ilse Mass"},"content":{"rendered":"<p style=\"text-align: justify;\">Die Vertreibung der aus Linz stammenden J\u00fcdin Ilse Mass ereignete sich in einer Zeit, in der Europa von Intoleranz und Antisemitismus gepr\u00e4gt war. Die Aufarbeitung ihrer Biografie erfolgte nach wissenschaftlich-historischer Methode und wurde nach p\u00e4dagogisch-didaktischen Kriterien f\u00fcr Kinder aufbereitet.<\/p>\n","protected":false},"excerpt":{"rendered":"<p>ISBN: 978-902330-70-3<\/p>\n<p>73 Seiten, zahlreiche Abbildungen und Fotos<\/p>\n<p>Bestellnummer: 1207<\/p>\n","protected":false},"featured_media":4032,"comment_status":"closed","ping_status":"closed","template":"","meta":{"pgc_meta":"","kia_subtitle":"Martina F\u00fchrer, Gertraud Hoheneder, Ruth Nowotny"},"product_cat":[107],"product_tag":[204,205,206],"acf":[],"_links":{"self":[{"href":"https:\/\/www.wagnerverlag.at\/content\/index.php?rest_route=\/wp\/v2\/product\/3093"}],"collection":[{"href":"https:\/\/www.wagnerverlag.at\/content\/index.php?rest_route=\/wp\/v2\/product"}],"about":[{"href":"https:\/\/www.wagnerverlag.at\/content\/index.php?rest_route=\/wp\/v2\/types\/product"}],"replies":[{"embeddable":true,"href":"https:\/\/www.wagnerverlag.at\/content\/index.php?rest_route=%2Fwp%2Fv2%2Fcomments&post=3093"}],"wp:featuredmedia":[{"embeddable":true,"href":"https:\/\/www.wagnerverlag.at\/content\/index.php?rest_route=\/wp\/v2\/media\/4032"}],"wp:attachment":[{"href":"https:\/\/www.wagnerverlag.at\/content\/index.php?rest_route=%2Fwp%2Fv2%2Fmedia&parent=3093"}],"wp:term":[{"taxonomy":"product_cat","embeddable":true,"href":"https:\/\/www.wagnerverlag.at\/content\/index.php?rest_route=%2Fwp%2Fv2%2Fproduct_cat&post=3093"},{"taxonomy":"product_tag","embeddable":true,"href":"https:\/\/www.wagnerverlag.at\/content\/index.php?rest_route=%2Fwp%2Fv2%2Fproduct_tag&post=3093"}],"curies":[{"name":"wp","href":"https:\/\/api.w.org\/{rel}","templated":true}]}}