{"id":3092,"date":"2015-09-23T15:48:43","date_gmt":"2015-09-23T14:48:43","guid":{"rendered":"http:\/\/www.wagnerverlag.at\/content\/?post_type=product&#038;p=3092"},"modified":"2017-07-10T09:09:25","modified_gmt":"2017-07-10T08:09:25","slug":"leben-mit-grenzen","status":"publish","type":"product","link":"https:\/\/www.wagnerverlag.at\/content\/?product=leben-mit-grenzen","title":{"rendered":"Leben mit Grenzen. Texte aus und zu Filmen von Herbert Link"},"content":{"rendered":"<p style=\"text-align: justify;\">Herbert Link versteht es, das Pl\u00f6tzliche und Unerwartete zuzulassen. Angeregt von eigenen Erfahrungen f\u00e4ngt der Filmemacher Grenzen, die Leben und Tod ziehen, in Bildern ein. Mit wunderbar klagloser Leichtigkeit verleiht er nun auch in diesem Buch Mitwirkenden aus seinen Filmen Raum. Sie erz\u00e4hlen von ihren Lebensgrenzen. Ber\u00fchrend, Mut machend und niemals hoffnungslos gew\u00e4hrt der Autor Einblicke in fremde Welten und ins eigene Leben. Jede Erinnerung in diesem Buch offenbart mehr als nur ein pers\u00f6nliches Schicksal.<\/p>\n","protected":false},"excerpt":{"rendered":"<p>ISBN:\u00a0 978-3-902330-68-0<\/p>\n<p>76 Seiten, 99 Abbildungen<\/p>\n<p><span style=\"color: #ff0000;\"><a style=\"color: #ff0000;\" href=\"https:\/\/www.wagnerverlag.at\/content\/wp-content\/uploads\/2012\/05\/Leben-mit-Grenzen_Inhalt.pdf\">Inhaltsverzeichnis<\/a><\/span><\/p>\n<p>Bestellnummer: 1206<\/p>\n","protected":false},"featured_media":4034,"comment_status":"closed","ping_status":"closed","template":"","meta":{"pgc_meta":"","kia_subtitle":"Herbert Link"},"product_cat":[331],"product_tag":[207],"acf":[],"_links":{"self":[{"href":"https:\/\/www.wagnerverlag.at\/content\/index.php?rest_route=\/wp\/v2\/product\/3092"}],"collection":[{"href":"https:\/\/www.wagnerverlag.at\/content\/index.php?rest_route=\/wp\/v2\/product"}],"about":[{"href":"https:\/\/www.wagnerverlag.at\/content\/index.php?rest_route=\/wp\/v2\/types\/product"}],"replies":[{"embeddable":true,"href":"https:\/\/www.wagnerverlag.at\/content\/index.php?rest_route=%2Fwp%2Fv2%2Fcomments&post=3092"}],"wp:featuredmedia":[{"embeddable":true,"href":"https:\/\/www.wagnerverlag.at\/content\/index.php?rest_route=\/wp\/v2\/media\/4034"}],"wp:attachment":[{"href":"https:\/\/www.wagnerverlag.at\/content\/index.php?rest_route=%2Fwp%2Fv2%2Fmedia&parent=3092"}],"wp:term":[{"taxonomy":"product_cat","embeddable":true,"href":"https:\/\/www.wagnerverlag.at\/content\/index.php?rest_route=%2Fwp%2Fv2%2Fproduct_cat&post=3092"},{"taxonomy":"product_tag","embeddable":true,"href":"https:\/\/www.wagnerverlag.at\/content\/index.php?rest_route=%2Fwp%2Fv2%2Fproduct_tag&post=3092"}],"curies":[{"name":"wp","href":"https:\/\/api.w.org\/{rel}","templated":true}]}}