{"id":3089,"date":"2015-09-23T15:23:39","date_gmt":"2015-09-23T14:23:39","guid":{"rendered":"http:\/\/www.wagnerverlag.at\/content\/?post_type=product&#038;p=3089"},"modified":"2017-07-10T09:09:42","modified_gmt":"2017-07-10T08:09:42","slug":"lebendige-naechstenliebe","status":"publish","type":"product","link":"https:\/\/www.wagnerverlag.at\/content\/?product=lebendige-naechstenliebe","title":{"rendered":"Lebendige N\u00e4chstenliebe. 100 Jahre Franziskusschwestern Linz 1912 \u2013 2012"},"content":{"rendered":"<p style=\"text-align: justify;\">Im Jahre 1912 veranlasste der Direktor des III. Ordens in Linz die Errichtung eines Vereins von Schwestern nach der Regel des III. Ordens des hl. Franz von Assisi. Diese Schwestern sollten sich der Hauskranken- und Wochenbettpflege annehmen. Pr\u00e4lat Franz Lohninger \u00fcbernahm 1913 die Leitung der Gemeinschaft. Die Schwestern wohnten vorerst an wechselnden Adressen in der Innenstadt, ab 1924 im Haus Hopfengasse 9a. 1950 kam es zum Zusammenschluss mit den Franziskusschwestern in Klagenfurt. 1976 \u00fcbersiedelten sie in das neu erbaute St. Franziskusheim f\u00fcr pflegebed\u00fcrftige Menschen in der Pfarre Linz-St. Theresia. In diesem Haus, dessen Leitung 2007 die Barmherzigen Br\u00fcder \u00fcbernommen haben, sind die Schwestern bis heute t\u00e4tig.<\/p>\n","protected":false},"excerpt":{"rendered":"<p>ISBN: 978-3-902330-67-3<\/p>\n<p>108 Seiten, zahlreiche Abbildungen<\/p>\n<p><span style=\"color: #ff0000;\"><a style=\"color: #ff0000;\" href=\"https:\/\/www.wagnerverlag.at\/content\/wp-content\/uploads\/2012\/04\/Seite-4-5.pdf\">Inhaltsverzeichnis<\/a><\/span><\/p>\n<p>Bestellnummer: 1204<\/p>\n","protected":false},"featured_media":4037,"comment_status":"closed","ping_status":"closed","template":"","meta":{"pgc_meta":"","kia_subtitle":"Hack Ulrike. Hrsg. von der Kongregation der Franziskusschwestern"},"product_cat":[126],"product_tag":[209,210],"acf":[],"_links":{"self":[{"href":"https:\/\/www.wagnerverlag.at\/content\/index.php?rest_route=\/wp\/v2\/product\/3089"}],"collection":[{"href":"https:\/\/www.wagnerverlag.at\/content\/index.php?rest_route=\/wp\/v2\/product"}],"about":[{"href":"https:\/\/www.wagnerverlag.at\/content\/index.php?rest_route=\/wp\/v2\/types\/product"}],"replies":[{"embeddable":true,"href":"https:\/\/www.wagnerverlag.at\/content\/index.php?rest_route=%2Fwp%2Fv2%2Fcomments&post=3089"}],"wp:featuredmedia":[{"embeddable":true,"href":"https:\/\/www.wagnerverlag.at\/content\/index.php?rest_route=\/wp\/v2\/media\/4037"}],"wp:attachment":[{"href":"https:\/\/www.wagnerverlag.at\/content\/index.php?rest_route=%2Fwp%2Fv2%2Fmedia&parent=3089"}],"wp:term":[{"taxonomy":"product_cat","embeddable":true,"href":"https:\/\/www.wagnerverlag.at\/content\/index.php?rest_route=%2Fwp%2Fv2%2Fproduct_cat&post=3089"},{"taxonomy":"product_tag","embeddable":true,"href":"https:\/\/www.wagnerverlag.at\/content\/index.php?rest_route=%2Fwp%2Fv2%2Fproduct_tag&post=3089"}],"curies":[{"name":"wp","href":"https:\/\/api.w.org\/{rel}","templated":true}]}}