{"id":3085,"date":"2015-09-23T15:11:54","date_gmt":"2015-09-23T14:11:54","guid":{"rendered":"http:\/\/www.wagnerverlag.at\/content\/?post_type=product&#038;p=3085"},"modified":"2017-07-07T10:37:33","modified_gmt":"2017-07-07T09:37:33","slug":"es-tanzt-der-tod-sein-reigen","status":"publish","type":"product","link":"https:\/\/www.wagnerverlag.at\/content\/?product=es-tanzt-der-tod-sein-reigen","title":{"rendered":"Es tanzt der Tod sein` Reigen. Ein Memento mori"},"content":{"rendered":"<p style=\"text-align: justify;\">Das Totentanzmotiv hat seit dem christlichen Mittelalter eine lange Tradition. Mairinger geht von der klassischen literarischen Form aus, aktualisiert jedoch das Thema auf bemerkenswerte Weise. Neben dem Spielmann, dem Tod, dem Reichen u.a.m. erg\u00e4nzen ein Selbstm\u00f6rder und ein Ordensmann das\u00a0 klassische Personenrepertoire. Mit dem St\u00fcck wird klar, dass der Tod, die ewig \u201eklassenlose Gesellschaft\u201c, auch heute nichts an G\u00fcltigkeit verloren hat. Die Eindringlichkeit des Textes wird von zwei weiteren k\u00fcnstlerischen Umsetzungen verst\u00e4rkt: von der Tondichtung Fridolin Dallingers und von den graphischen Kunstwerken Herwig Zens.<br \/>\nDas Werk stellt eine nicht unbedeutende zeitgen\u00f6ssische literarische\u00a0 Umsetzung eines religi\u00f6sen Ur-Themas dar. Es erf\u00fcllt \u00fcberdies die zentrale religi\u00f6se Zielsetzung, sich in die Tatsache des Sterbens einzu\u00fcben und sich Angst und Schrecken vor dem Tod nehmen zu lassen.<\/p>\n","protected":false},"excerpt":{"rendered":"<p>ISBN: 978-3-902330-61-1<\/p>\n<p>Softcover, 89 S., zahlr. s\/w und farb. Abb.<\/p>\n<p>Bestellnummer: 1109<\/p>\n","protected":false},"featured_media":4042,"comment_status":"closed","ping_status":"closed","template":"","meta":{"pgc_meta":"","kia_subtitle":"Hans-Dieter Mairinger"},"product_cat":[331],"product_tag":[156],"acf":[],"_links":{"self":[{"href":"https:\/\/www.wagnerverlag.at\/content\/index.php?rest_route=\/wp\/v2\/product\/3085"}],"collection":[{"href":"https:\/\/www.wagnerverlag.at\/content\/index.php?rest_route=\/wp\/v2\/product"}],"about":[{"href":"https:\/\/www.wagnerverlag.at\/content\/index.php?rest_route=\/wp\/v2\/types\/product"}],"replies":[{"embeddable":true,"href":"https:\/\/www.wagnerverlag.at\/content\/index.php?rest_route=%2Fwp%2Fv2%2Fcomments&post=3085"}],"wp:featuredmedia":[{"embeddable":true,"href":"https:\/\/www.wagnerverlag.at\/content\/index.php?rest_route=\/wp\/v2\/media\/4042"}],"wp:attachment":[{"href":"https:\/\/www.wagnerverlag.at\/content\/index.php?rest_route=%2Fwp%2Fv2%2Fmedia&parent=3085"}],"wp:term":[{"taxonomy":"product_cat","embeddable":true,"href":"https:\/\/www.wagnerverlag.at\/content\/index.php?rest_route=%2Fwp%2Fv2%2Fproduct_cat&post=3085"},{"taxonomy":"product_tag","embeddable":true,"href":"https:\/\/www.wagnerverlag.at\/content\/index.php?rest_route=%2Fwp%2Fv2%2Fproduct_tag&post=3085"}],"curies":[{"name":"wp","href":"https:\/\/api.w.org\/{rel}","templated":true}]}}