{"id":3081,"date":"2015-09-23T14:59:43","date_gmt":"2015-09-23T13:59:43","guid":{"rendered":"http:\/\/www.wagnerverlag.at\/content\/?post_type=product&#038;p=3081"},"modified":"2017-07-10T09:11:00","modified_gmt":"2017-07-10T08:11:00","slug":"fuer-gottes-lohn-ehrenamt-und-kirche","status":"publish","type":"product","link":"https:\/\/www.wagnerverlag.at\/content\/?product=fuer-gottes-lohn-ehrenamt-und-kirche","title":{"rendered":"F\u00fcr Gottes Lohn ?! Ehrenamt und Kirche"},"content":{"rendered":"<p style=\"text-align: justify;\">Engagierte Menschen beleben unsere Welt. Ihre freiwilligen bzw. ehrenamtlichen T\u00e4tigkeiten (und die Art, wie sie dies tun) bringt allen etwas: ihnen selbst, weil sie F\u00e4higkeiten entfalten und Anerkennung erfahren; und der Gesellschaft, weil sie wesentliche Impulse in vielen Bereichen erh\u00e4lt. Das hat Zukunft! Die Beitr\u00e4ge dieses Buches \u201erund um\u2019s freiwillig-ehrenamtliche kirchliche Engagement\u201c erl\u00e4utern gesellschaftliche und kirchliche Ver\u00e4nderungen und zeigen manche Perspektiven f\u00fcr eine gute weitere Entwicklung auf.<\/p>\n","protected":false},"excerpt":{"rendered":"<p>ISBN: 978-3-902330-58-1<\/p>\n<p>155 Seiten<\/p>\n<p><span style=\"color: #ff0000;\"><a style=\"color: #ff0000;\" href=\"https:\/\/www.wagnerverlag.at\/content\/wp-content\/uploads\/2011\/06\/\u00d6PI-TB11-Inhalt.pdf\">Inhaltsverzeichnis<\/a><\/span><\/p>\n<p>Bestellnummer: 1106<\/p>\n","protected":false},"featured_media":4048,"comment_status":"closed","ping_status":"closed","template":"","meta":{"pgc_meta":"","kia_subtitle":"Walter Krieger, Balthasar Sieberer (Hg.)"},"product_cat":[115],"product_tag":[276,175],"acf":[],"_links":{"self":[{"href":"https:\/\/www.wagnerverlag.at\/content\/index.php?rest_route=\/wp\/v2\/product\/3081"}],"collection":[{"href":"https:\/\/www.wagnerverlag.at\/content\/index.php?rest_route=\/wp\/v2\/product"}],"about":[{"href":"https:\/\/www.wagnerverlag.at\/content\/index.php?rest_route=\/wp\/v2\/types\/product"}],"replies":[{"embeddable":true,"href":"https:\/\/www.wagnerverlag.at\/content\/index.php?rest_route=%2Fwp%2Fv2%2Fcomments&post=3081"}],"wp:featuredmedia":[{"embeddable":true,"href":"https:\/\/www.wagnerverlag.at\/content\/index.php?rest_route=\/wp\/v2\/media\/4048"}],"wp:attachment":[{"href":"https:\/\/www.wagnerverlag.at\/content\/index.php?rest_route=%2Fwp%2Fv2%2Fmedia&parent=3081"}],"wp:term":[{"taxonomy":"product_cat","embeddable":true,"href":"https:\/\/www.wagnerverlag.at\/content\/index.php?rest_route=%2Fwp%2Fv2%2Fproduct_cat&post=3081"},{"taxonomy":"product_tag","embeddable":true,"href":"https:\/\/www.wagnerverlag.at\/content\/index.php?rest_route=%2Fwp%2Fv2%2Fproduct_tag&post=3081"}],"curies":[{"name":"wp","href":"https:\/\/api.w.org\/{rel}","templated":true}]}}