{"id":3079,"date":"2015-09-23T14:53:24","date_gmt":"2015-09-23T13:53:24","guid":{"rendered":"http:\/\/www.wagnerverlag.at\/content\/?post_type=product&#038;p=3079"},"modified":"2016-07-04T09:58:59","modified_gmt":"2016-07-04T08:58:59","slug":"schulerfahrung-schulreform","status":"publish","type":"product","link":"https:\/\/www.wagnerverlag.at\/content\/?product=schulerfahrung-schulreform","title":{"rendered":"Schulerfahrung &#038; Schulreform. Stationen eines Lehrerlebens"},"content":{"rendered":"<p style=\"text-align: justify;\">Die erste schulische Pr\u00e4gung des Autors ereignete sich in einer einklassigen Volksschule im oberen M\u00fchlviertel. 80 Kinder in acht Schulstufen, eine Lehrperson! Die kontr\u00e4re Art und Weise, wie die LehrerInnen mit dieser Extremsituation umgegangen sind, hat ihn p\u00e4dagogisch nachdenklich gemacht und in den Lehrberuf gelockt. Sie hat auch seine Vorstellungen \u00fcber Lehrerbildung beeinflusst, zu deren Pionieren er im letzten Drittel des 20. Jahrhunderts gez\u00e4hlt hat: von der Lehrerbildungsanstalt \u00fcber die P\u00e4dagogische Akademie bis zur Universit\u00e4t.<br \/>\nAus seiner zunehmenden Einsicht in die Bedeutung schulischer\u00a0 Systemgegebenheiten heraus hat sich der Autor wesentlich den Bereichen Leistungsbeurteilung, Gesamtschule und Schulautonomie zugewandt. Das hat ihm neben viel Zustimmung auch heftige Kontroversen gebracht. Dass die Reform nur sehr z\u00f6gerlich vorankommt, schmerzt den begeisterten Lehrer, und zwar wegen der N\u00f6te, die das System Sch\u00fclern und Eltern bereitet. Aber es \u00fcberrascht ihn nicht, denn er wei\u00df, dass einmal etablierte ideologische Barrieren hohe Halbwertzeiten haben.<\/p>\n","protected":false},"excerpt":{"rendered":"<p>ISBN 978-3-902330-57-4<\/p>\n<p>320 S., hardcover, zahlr. farb. und s\/w-Abb.<\/p>\n<p><span style=\"color: #ff0000;\"><a style=\"color: #ff0000;\" href=\"https:\/\/www.wagnerverlag.at\/content\/wp-content\/uploads\/2011\/04\/Inhaltsverzeichnis-Vierlinger.pdf\">Inhaltsverzeichnis<\/a><\/span><\/p>\n<p>Bestellnummer: 1103<\/p>\n","protected":false},"featured_media":4050,"comment_status":"closed","ping_status":"closed","template":"","meta":{"pgc_meta":"","kia_subtitle":"Rupert Vierlinger"},"product_cat":[107],"product_tag":[220],"acf":[],"_links":{"self":[{"href":"https:\/\/www.wagnerverlag.at\/content\/index.php?rest_route=\/wp\/v2\/product\/3079"}],"collection":[{"href":"https:\/\/www.wagnerverlag.at\/content\/index.php?rest_route=\/wp\/v2\/product"}],"about":[{"href":"https:\/\/www.wagnerverlag.at\/content\/index.php?rest_route=\/wp\/v2\/types\/product"}],"replies":[{"embeddable":true,"href":"https:\/\/www.wagnerverlag.at\/content\/index.php?rest_route=%2Fwp%2Fv2%2Fcomments&post=3079"}],"wp:featuredmedia":[{"embeddable":true,"href":"https:\/\/www.wagnerverlag.at\/content\/index.php?rest_route=\/wp\/v2\/media\/4050"}],"wp:attachment":[{"href":"https:\/\/www.wagnerverlag.at\/content\/index.php?rest_route=%2Fwp%2Fv2%2Fmedia&parent=3079"}],"wp:term":[{"taxonomy":"product_cat","embeddable":true,"href":"https:\/\/www.wagnerverlag.at\/content\/index.php?rest_route=%2Fwp%2Fv2%2Fproduct_cat&post=3079"},{"taxonomy":"product_tag","embeddable":true,"href":"https:\/\/www.wagnerverlag.at\/content\/index.php?rest_route=%2Fwp%2Fv2%2Fproduct_tag&post=3079"}],"curies":[{"name":"wp","href":"https:\/\/api.w.org\/{rel}","templated":true}]}}