{"id":3077,"date":"2015-09-23T14:48:54","date_gmt":"2015-09-23T13:48:54","guid":{"rendered":"http:\/\/www.wagnerverlag.at\/content\/?post_type=product&#038;p=3077"},"modified":"2016-07-04T10:00:09","modified_gmt":"2016-07-04T09:00:09","slug":"dr-johann-gruber-priester-lehrer-patriot-1889-1944","status":"publish","type":"product","link":"https:\/\/www.wagnerverlag.at\/content\/?product=dr-johann-gruber-priester-lehrer-patriot-1889-1944","title":{"rendered":"Dr. Johann Gruber: Priester \u2013 Lehrer \u2013 Patriot (1889-1944). Nonkonformit\u00e4t und ihre Folgen in der Zeit des Nationalsozialismus"},"content":{"rendered":"<p style=\"text-align: justify;\">Mit Dr. Johann Gruber wird eine in \u00d6sterreich wenig bekannte Priestergestalt thematisiert. Dass dies bisher kaum geschah, wird von ehemaligen Mith\u00e4ftlingen des Konzentrationslagers Gusen sehr bedauert. Aber das Schweigen in seiner Heimat hat Gr\u00fcnde:\u00a0 Zu sperrig ist seine Pers\u00f6nlichkeit und zu sensibel ist seine Priesterlaufbahn, als dass die Kirche damit von sich aus an die \u00d6ffentlichkeit gehen wollte. Aber die historische W\u00fcrdigung von Opfern des Nationalsozialismus darf vor der Komplexit\u00e4t einer Biografie nicht Halt machen.<br \/>\nDer Autor geht dem Leben Johann Grubers nach und st\u00f6\u00dft auf markante Eigenschaften: auf einen loyalen Priester, einen begnadeten Lehrer und einen gl\u00fchenden Patrioten. Johann Gruber hat es seinen kirchlichen Vorgesetzten nie leicht gemacht. Aber er hat als Priester, Lehrer und Erzieher zugugnsten von Kindern und Jugendlichen wegweisend gearbeitet und im KZ f\u00fcr junge Menschen sein Leben aufs Spiel gesetzt \u2013 und mit dem Tod bezahlt!<\/p>\n","protected":false},"excerpt":{"rendered":"<p>ISBN: 978-3-902330-56-7<\/p>\n<p>470 S., hardcover, zahlr. s\/w. Abb.<\/p>\n<p><span style=\"color: #ff0000;\"><a style=\"color: #ff0000;\" href=\"https:\/\/www.wagnerverlag.at\/content\/wp-content\/uploads\/2011\/04\/Inhaltsverzeichnis-Johann-Gruber.pdf\">Inhaltsverzeichnis<\/a><\/span><\/p>\n<p>Bestellnummer: 1102<\/p>\n","protected":false},"featured_media":4053,"comment_status":"closed","ping_status":"closed","template":"","meta":{"pgc_meta":"","kia_subtitle":"Helmut Wagner"},"product_cat":[107,111],"product_tag":[187],"acf":[],"_links":{"self":[{"href":"https:\/\/www.wagnerverlag.at\/content\/index.php?rest_route=\/wp\/v2\/product\/3077"}],"collection":[{"href":"https:\/\/www.wagnerverlag.at\/content\/index.php?rest_route=\/wp\/v2\/product"}],"about":[{"href":"https:\/\/www.wagnerverlag.at\/content\/index.php?rest_route=\/wp\/v2\/types\/product"}],"replies":[{"embeddable":true,"href":"https:\/\/www.wagnerverlag.at\/content\/index.php?rest_route=%2Fwp%2Fv2%2Fcomments&post=3077"}],"wp:featuredmedia":[{"embeddable":true,"href":"https:\/\/www.wagnerverlag.at\/content\/index.php?rest_route=\/wp\/v2\/media\/4053"}],"wp:attachment":[{"href":"https:\/\/www.wagnerverlag.at\/content\/index.php?rest_route=%2Fwp%2Fv2%2Fmedia&parent=3077"}],"wp:term":[{"taxonomy":"product_cat","embeddable":true,"href":"https:\/\/www.wagnerverlag.at\/content\/index.php?rest_route=%2Fwp%2Fv2%2Fproduct_cat&post=3077"},{"taxonomy":"product_tag","embeddable":true,"href":"https:\/\/www.wagnerverlag.at\/content\/index.php?rest_route=%2Fwp%2Fv2%2Fproduct_tag&post=3077"}],"curies":[{"name":"wp","href":"https:\/\/api.w.org\/{rel}","templated":true}]}}