{"id":3076,"date":"2015-09-23T14:45:22","date_gmt":"2015-09-23T13:45:22","guid":{"rendered":"http:\/\/www.wagnerverlag.at\/content\/?post_type=product&#038;p=3076"},"modified":"2017-07-10T09:11:34","modified_gmt":"2017-07-10T08:11:34","slug":"das-bistum-linz-im-spannungsfeld-des-nationalsozialismus","status":"publish","type":"product","link":"https:\/\/www.wagnerverlag.at\/content\/?product=das-bistum-linz-im-spannungsfeld-des-nationalsozialismus","title":{"rendered":"Das Bistum Linz im Spannungsfeld des Nationalsozialismus. Vortr\u00e4ge \u2013 Aufs\u00e4tze \u2013 Dokumente"},"content":{"rendered":"<p style=\"text-align: justify;\">Der Band enth\u00e4lt neue Dokumente sowie Vortr\u00e4ge des Autors, es bietet einen Gang durch die bewegte Zeit von 1933 bis 1945. Zum ersten Mal legt Zinnhobler seine eigenen Erinnerungen an die Zeit des Nationalsozialismus vor. Bemerkenswert sind die bisher unver\u00f6ffentlichten Erinnerungen des Theologieprofessors Maximilian Hollnsteiner. Zu Dr. Franz Ohnmacht, dem engsten Mitarbeiter Bischof Joh. M. Gf\u00f6llners, kann der Autor im Lichte neu entdeckter Quellen neue Zug\u00e4nge bieten.Quellen zu den Details der Ernennung Joh. Cal. Fliessers zum Weihbischof und sowie die Auswirkungen der nationalsozialistischen \u00c4ra auf das Priesterseminar und die Theol. Lehranstalt Linz runden das Buch ab. Vier Bilder auf dem Einband stehen symbolhaft f\u00fcr die behandelte Epoche: Die Bisch\u00f6fe Johannes Maria Gf\u00f6llner (1915-1941) und Joseph Cal. Flie\u00dfer (1941-1955\/60),Prof. Franz Ohnmacht (1893-1954), sowie Franz J\u00e4gerst\u00e4tter, der sich geweigert hatte, einem gottlosen Regime mit der Waffe in der Hand zu dienen.<\/p>\n","protected":false},"excerpt":{"rendered":"<p>ISBN 978-3-902330-53-6<\/p>\n<p>247 Seiten, broschiert, s\/w Abbildungen<\/p>\n<p><span style=\"color: #ff0000;\"><a style=\"color: #ff0000;\" href=\"https:\/\/www.wagnerverlag.at\/content\/wp-content\/uploads\/2011\/03\/Zinnhobler-Inhaltsverzeichnis.pdf\">Inhaltsverzeichnis<\/a><\/span><\/p>\n<p>Bestellnummer: 1101<\/p>\n","protected":false},"featured_media":4054,"comment_status":"closed","ping_status":"closed","template":"","meta":{"pgc_meta":"","kia_subtitle":"Rudolf Zinnhobler"},"product_cat":[111],"product_tag":[192],"acf":[],"_links":{"self":[{"href":"https:\/\/www.wagnerverlag.at\/content\/index.php?rest_route=\/wp\/v2\/product\/3076"}],"collection":[{"href":"https:\/\/www.wagnerverlag.at\/content\/index.php?rest_route=\/wp\/v2\/product"}],"about":[{"href":"https:\/\/www.wagnerverlag.at\/content\/index.php?rest_route=\/wp\/v2\/types\/product"}],"replies":[{"embeddable":true,"href":"https:\/\/www.wagnerverlag.at\/content\/index.php?rest_route=%2Fwp%2Fv2%2Fcomments&post=3076"}],"wp:featuredmedia":[{"embeddable":true,"href":"https:\/\/www.wagnerverlag.at\/content\/index.php?rest_route=\/wp\/v2\/media\/4054"}],"wp:attachment":[{"href":"https:\/\/www.wagnerverlag.at\/content\/index.php?rest_route=%2Fwp%2Fv2%2Fmedia&parent=3076"}],"wp:term":[{"taxonomy":"product_cat","embeddable":true,"href":"https:\/\/www.wagnerverlag.at\/content\/index.php?rest_route=%2Fwp%2Fv2%2Fproduct_cat&post=3076"},{"taxonomy":"product_tag","embeddable":true,"href":"https:\/\/www.wagnerverlag.at\/content\/index.php?rest_route=%2Fwp%2Fv2%2Fproduct_tag&post=3076"}],"curies":[{"name":"wp","href":"https:\/\/api.w.org\/{rel}","templated":true}]}}