{"id":3075,"date":"2015-09-23T14:42:25","date_gmt":"2015-09-23T13:42:25","guid":{"rendered":"http:\/\/www.wagnerverlag.at\/content\/?post_type=product&#038;p=3075"},"modified":"2017-07-10T09:11:58","modified_gmt":"2017-07-10T08:11:58","slug":"series-praelatorum-1740","status":"publish","type":"product","link":"https:\/\/www.wagnerverlag.at\/content\/?product=series-praelatorum-1740","title":{"rendered":"Series Praelatorum (1740). Restauratio Ecclesiae Sancti Floriani et Eiusdem Reverendissimorum Dominorum Dom\u00f1rm Pr\u00e6positorum Series ab anno MLXXI"},"content":{"rendered":"<p style=\"text-align: justify;\">Der Faksimiledruck der Handschrift \u201eSeries Praelatorum\u201c (die \u201eReihenfolge der ehrw\u00fcrdigsten Pr\u00e4laten\u201c) aus dem Stiftsarchiv St. Florian entstand um 1740 auf Anregung von Propst Johann Georg Wiesmayr (1732-1755). Dieser beauftragte seinen Kammerdiener Karl Anselm Hei\u00df, die vom Archivar Johann Ev. Pachl verfasste \u201eRestauration Ecclesiae S. Floriani\u201c in Zierschrift auf Pergament zu \u00fcbertragen. Die Pr\u00e4latenbilder schuf die Malerin Maximiliane Purgau. Die Prachthandschrift ist in rotes Saffianleder gebunden und in Goldschnitt verarbeitet. Die Buchdeckel sind mit vergoldeten floralen Schmuckleisten in Pr\u00e4getechnik versehen. Die Herausgeber Karl Rehberger und Christian Wunschheim erweiterten die Handschrift mit der Transkription des lateinischen Textes ins Deutsche und f\u00fcgten einen knappen Fu\u00dfnotenapparat zur Erl\u00e4uterung bei.<\/p>\n","protected":false},"excerpt":{"rendered":"<p>ISBN 978-3-902330-52-9<\/p>\n<p>236 Seiten, Ledereinband, Goldschnitt, Faksimile, zahlreiche farb. Darstellungen<\/p>\n<p>Bestellnummer: 1010<\/p>\n","protected":false},"featured_media":4055,"comment_status":"closed","ping_status":"closed","template":"","meta":{"pgc_meta":"","kia_subtitle":"Karl Rehberger, Christiane Wunschheim (Hg.)"},"product_cat":[126],"product_tag":[176,177],"acf":[],"_links":{"self":[{"href":"https:\/\/www.wagnerverlag.at\/content\/index.php?rest_route=\/wp\/v2\/product\/3075"}],"collection":[{"href":"https:\/\/www.wagnerverlag.at\/content\/index.php?rest_route=\/wp\/v2\/product"}],"about":[{"href":"https:\/\/www.wagnerverlag.at\/content\/index.php?rest_route=\/wp\/v2\/types\/product"}],"replies":[{"embeddable":true,"href":"https:\/\/www.wagnerverlag.at\/content\/index.php?rest_route=%2Fwp%2Fv2%2Fcomments&post=3075"}],"wp:featuredmedia":[{"embeddable":true,"href":"https:\/\/www.wagnerverlag.at\/content\/index.php?rest_route=\/wp\/v2\/media\/4055"}],"wp:attachment":[{"href":"https:\/\/www.wagnerverlag.at\/content\/index.php?rest_route=%2Fwp%2Fv2%2Fmedia&parent=3075"}],"wp:term":[{"taxonomy":"product_cat","embeddable":true,"href":"https:\/\/www.wagnerverlag.at\/content\/index.php?rest_route=%2Fwp%2Fv2%2Fproduct_cat&post=3075"},{"taxonomy":"product_tag","embeddable":true,"href":"https:\/\/www.wagnerverlag.at\/content\/index.php?rest_route=%2Fwp%2Fv2%2Fproduct_tag&post=3075"}],"curies":[{"name":"wp","href":"https:\/\/api.w.org\/{rel}","templated":true}]}}