{"id":3072,"date":"2015-09-23T14:35:46","date_gmt":"2015-09-23T13:35:46","guid":{"rendered":"http:\/\/www.wagnerverlag.at\/content\/?post_type=product&#038;p=3072"},"modified":"2016-07-04T10:03:15","modified_gmt":"2016-07-04T09:03:15","slug":"und-wenn-es-gleich-das-leben-kostet","status":"publish","type":"product","link":"https:\/\/www.wagnerverlag.at\/content\/?product=und-wenn-es-gleich-das-leben-kostet","title":{"rendered":"\u201e\u2026und wenn es gleich das Leben kostet\u201c. Franz J\u00e4gerst\u00e4tter und sein Gewissen"},"content":{"rendered":"<p style=\"text-align: justify;\">Wie im Feldurteil vom 14. Juli 1943 protokolliert, verweigerte Franz J\u00e4gerst\u00e4tter aufgrund seines \u201ereligi\u00f6sen Gewissens\u201c den Wehrdienst und wurde deswegen am 9. August 1943 hingerichtet. Anhand J\u00e4gerst\u00e4tters Biographie sowie seines umfassenden schriftlichen Nachlasses wird der Gewissenskonflikt des ober\u00f6sterreichischen Kriegsdienstverweigerers umfassend nachgezeichnet: von der Gewissensbildung \u00fcber J\u00e4gerst\u00e4tters Gewissensverst\u00e4ndnis bis hin zur Bew\u00e4hrung in der Entscheidung zur Kriegsdienstverweigerung. Erstmals wird hierzu auch die Lekt\u00fcre J\u00e4gerst\u00e4tters vorgestellt und analysiert, indem ein \u00dcberblick \u00fcber die 37 Kleinschriften aus seinem Nachlass gegeben wird. Diese erlauben einen R\u00fcckschluss auf jene Themen, mit denen sich J\u00e4gerst\u00e4tter auseinandergesetzt hat, die sein Denken inspirierten und sein Handeln motivierten.<br \/>\nAusgehend von der Person J\u00e4gerst\u00e4tters werden ethische Inhalte wie die Gewissenslehre und die damit im Zusammenhang stehenden moralischen Bezugsgr\u00f6\u00dfen (das Gute, das Wahre, Werte, Normen, Fundamentaloption) gut verst\u00e4ndlich dargestellt.<\/p>\n","protected":false},"excerpt":{"rendered":"<p class=\"title\">ISBN 978-3-902330-51-2<\/p>\n<p class=\"title\">Bestellnummer: 1008<\/p>\n","protected":false},"featured_media":4059,"comment_status":"closed","ping_status":"closed","template":"","meta":{"pgc_meta":"","kia_subtitle":"Thomas Schlager-Weidinger"},"product_cat":[111],"product_tag":[178],"acf":[],"_links":{"self":[{"href":"https:\/\/www.wagnerverlag.at\/content\/index.php?rest_route=\/wp\/v2\/product\/3072"}],"collection":[{"href":"https:\/\/www.wagnerverlag.at\/content\/index.php?rest_route=\/wp\/v2\/product"}],"about":[{"href":"https:\/\/www.wagnerverlag.at\/content\/index.php?rest_route=\/wp\/v2\/types\/product"}],"replies":[{"embeddable":true,"href":"https:\/\/www.wagnerverlag.at\/content\/index.php?rest_route=%2Fwp%2Fv2%2Fcomments&post=3072"}],"wp:featuredmedia":[{"embeddable":true,"href":"https:\/\/www.wagnerverlag.at\/content\/index.php?rest_route=\/wp\/v2\/media\/4059"}],"wp:attachment":[{"href":"https:\/\/www.wagnerverlag.at\/content\/index.php?rest_route=%2Fwp%2Fv2%2Fmedia&parent=3072"}],"wp:term":[{"taxonomy":"product_cat","embeddable":true,"href":"https:\/\/www.wagnerverlag.at\/content\/index.php?rest_route=%2Fwp%2Fv2%2Fproduct_cat&post=3072"},{"taxonomy":"product_tag","embeddable":true,"href":"https:\/\/www.wagnerverlag.at\/content\/index.php?rest_route=%2Fwp%2Fv2%2Fproduct_tag&post=3072"}],"curies":[{"name":"wp","href":"https:\/\/api.w.org\/{rel}","templated":true}]}}