{"id":3071,"date":"2015-09-23T14:33:42","date_gmt":"2015-09-23T13:33:42","guid":{"rendered":"http:\/\/www.wagnerverlag.at\/content\/?post_type=product&#038;p=3071"},"modified":"2016-07-04T10:03:50","modified_gmt":"2016-07-04T09:03:50","slug":"unsere-liebe-frau-am-lasslberg","status":"publish","type":"product","link":"https:\/\/www.wagnerverlag.at\/content\/?product=unsere-liebe-frau-am-lasslberg","title":{"rendered":"\u201eUnsere liebe Frau am Lasslberg\u201c. Wallfahrt im Spannungsfeld von Barock und Aufkl\u00e4rung \u2013 ein Beispiel aus der Pfarre Viechtwang"},"content":{"rendered":"<p style=\"text-align: justify;\">Im wirtschaftlich r\u00fchrigen, agrarisch-gewerblich orientierten Ort Viechtwang (im Almtal, O\u00d6.) kam es im beginnenden 18. Jh. zu einem ungew\u00f6hnlichen Ereignis. Eine Marienerscheinung in Verbindung mit einer wundersamen Heilung l\u00f6ste eine rege Wallfahrt zu \u201eUnserer Lieben Frau am Lasslberg\u201c aus. Mirakelberichte, Gebete und Wallfahrtslieder sowie Briefe und Abrechnungen aus dem Umfeld des Wallfahrtsgeschehens am Lasslberg zeugen von einer bedeutenden marianischen Wallfahrt, die Pilger\/innen im Umkreis von bis zu 350km anzog, die aber auch mit der Kritik der Aufkl\u00e4rung und des Reformkatholizismus konfrontiert wurde.<br \/>\nDer Autor beleuchtet verschiedene Aspekte dieser Wallfahrt: den Blickpunkt der Wallfahrer\/innen, die Haltung der (kirchlichen) Obrigkeit, den Stellenwert religi\u00f6sen Lebens, \u00f6konomische Verflechtungen, weltliche und kirchliche Rahmenbedingungen sowie politische und theologische Kontexte der damaligen Zeit. Populare und obrigkeitliche Sinnhorizonte, des Weiteren die gelehrten Diskussionen und Fragen des 18. Jhs. finden hierbei Beachtung und lassen exemplarisch das komplexe Ph\u00e4nomen der Wallfahrt im Spannungsfeld von Barock und Aufkl\u00e4rung lebendig werden.<\/p>\n","protected":false},"excerpt":{"rendered":"<p>ISBN: 978-3-902330-48-2<\/p>\n<p>459 Seiten, kartoniert, farbige Abbildungen, Tabellen<\/p>\n<p><span style=\"color: #ff0000;\"><a style=\"color: #ff0000;\" href=\"https:\/\/www.wagnerverlag.at\/content\/wp-content\/uploads\/2010\/09\/Inhaltsverzeichnis-Unsere-liebe-Frau.pdf\">Inhaltsverzeichnis<\/a><\/span><\/p>\n<p>Bestellnummer: 1006<\/p>\n","protected":false},"featured_media":4060,"comment_status":"closed","ping_status":"closed","template":"","meta":{"pgc_meta":"","kia_subtitle":"Wolfgang Herndl"},"product_cat":[126],"product_tag":[224],"acf":[],"_links":{"self":[{"href":"https:\/\/www.wagnerverlag.at\/content\/index.php?rest_route=\/wp\/v2\/product\/3071"}],"collection":[{"href":"https:\/\/www.wagnerverlag.at\/content\/index.php?rest_route=\/wp\/v2\/product"}],"about":[{"href":"https:\/\/www.wagnerverlag.at\/content\/index.php?rest_route=\/wp\/v2\/types\/product"}],"replies":[{"embeddable":true,"href":"https:\/\/www.wagnerverlag.at\/content\/index.php?rest_route=%2Fwp%2Fv2%2Fcomments&post=3071"}],"wp:featuredmedia":[{"embeddable":true,"href":"https:\/\/www.wagnerverlag.at\/content\/index.php?rest_route=\/wp\/v2\/media\/4060"}],"wp:attachment":[{"href":"https:\/\/www.wagnerverlag.at\/content\/index.php?rest_route=%2Fwp%2Fv2%2Fmedia&parent=3071"}],"wp:term":[{"taxonomy":"product_cat","embeddable":true,"href":"https:\/\/www.wagnerverlag.at\/content\/index.php?rest_route=%2Fwp%2Fv2%2Fproduct_cat&post=3071"},{"taxonomy":"product_tag","embeddable":true,"href":"https:\/\/www.wagnerverlag.at\/content\/index.php?rest_route=%2Fwp%2Fv2%2Fproduct_tag&post=3071"}],"curies":[{"name":"wp","href":"https:\/\/api.w.org\/{rel}","templated":true}]}}