{"id":3068,"date":"2015-09-23T14:22:40","date_gmt":"2015-09-23T13:22:40","guid":{"rendered":"http:\/\/www.wagnerverlag.at\/content\/?post_type=product&#038;p=3068"},"modified":"2017-07-10T09:13:02","modified_gmt":"2017-07-10T08:13:02","slug":"unterbrechungen","status":"publish","type":"product","link":"https:\/\/www.wagnerverlag.at\/content\/?product=unterbrechungen","title":{"rendered":"Unterbrechungen"},"content":{"rendered":"<p style=\"text-align: justify;\">Sinnvolles Leben ist ohne \u201eUnterbrechungen\u201c nicht m\u00f6glich. Anhalten und fragen \u201eWarum das alles?\u201c \u2013 das kann dem Leben neue Richtungen geben. Religi\u00f6ser Glaube will im Besonderen \u201eUnterbrechung\u201c sein. Aber nicht immer haben wir Zeit und Kraft, den Fragen nachzugehen. Die hier vorgelegten Texte, die der Autor und Priester \u00fcberwiegend im H\u00f6rfunk vorgetragen hat, k\u00f6nnen helfen, das Leben in all seinen Facetten zu \u00fcberdenken.<\/p>\n","protected":false},"excerpt":{"rendered":"<p>ISBN: 978-3-902330-46-8<\/p>\n<p>120 Seiten, 17 farb. Abbildungen<\/p>\n<p>Bestellnummer: 1004<\/p>\n","protected":false},"featured_media":4063,"comment_status":"closed","ping_status":"closed","template":"","meta":{"pgc_meta":"","kia_subtitle":"Gilbert Schandera"},"product_cat":[117],"product_tag":[227],"acf":[],"_links":{"self":[{"href":"https:\/\/www.wagnerverlag.at\/content\/index.php?rest_route=\/wp\/v2\/product\/3068"}],"collection":[{"href":"https:\/\/www.wagnerverlag.at\/content\/index.php?rest_route=\/wp\/v2\/product"}],"about":[{"href":"https:\/\/www.wagnerverlag.at\/content\/index.php?rest_route=\/wp\/v2\/types\/product"}],"replies":[{"embeddable":true,"href":"https:\/\/www.wagnerverlag.at\/content\/index.php?rest_route=%2Fwp%2Fv2%2Fcomments&post=3068"}],"wp:featuredmedia":[{"embeddable":true,"href":"https:\/\/www.wagnerverlag.at\/content\/index.php?rest_route=\/wp\/v2\/media\/4063"}],"wp:attachment":[{"href":"https:\/\/www.wagnerverlag.at\/content\/index.php?rest_route=%2Fwp%2Fv2%2Fmedia&parent=3068"}],"wp:term":[{"taxonomy":"product_cat","embeddable":true,"href":"https:\/\/www.wagnerverlag.at\/content\/index.php?rest_route=%2Fwp%2Fv2%2Fproduct_cat&post=3068"},{"taxonomy":"product_tag","embeddable":true,"href":"https:\/\/www.wagnerverlag.at\/content\/index.php?rest_route=%2Fwp%2Fv2%2Fproduct_tag&post=3068"}],"curies":[{"name":"wp","href":"https:\/\/api.w.org\/{rel}","templated":true}]}}