{"id":3065,"date":"2015-09-23T14:17:49","date_gmt":"2015-09-23T13:17:49","guid":{"rendered":"http:\/\/www.wagnerverlag.at\/content\/?post_type=product&#038;p=3065"},"modified":"2017-07-10T09:13:13","modified_gmt":"2017-07-10T08:13:13","slug":"die-geoeffnete-tuer","status":"publish","type":"product","link":"https:\/\/www.wagnerverlag.at\/content\/?product=die-geoeffnete-tuer","title":{"rendered":"Die ge\u00f6ffnete T\u00fcr. Eine Erz\u00e4hlung aus der Reformationszeit"},"content":{"rendered":"<p style=\"text-align: justify;\">Reformation und katholische Reaktion der Jahre 1628 und 1629 bilden die Grundlage der spannenden Geschichte des 19-j\u00e4hrigen evangelischen Sendboten Jakob. Er erz\u00e4hlt sie selbst, schildert die \u00e4u\u00dferen dramatischen Erlebnisse, die sich mit dem erzwungenen Aufenthalt in einem Kloster an der Seite eines M\u00f6nchs verflechten. Jakob beschreibt die evangelischen und katholischen Lebensumst\u00e4nde und berichtet in bewegten und bewegenden Worten von seinem inneren Werdegang, von Hassgef\u00fchl und Liebe, von Zwang und Freiheit, von Bedr\u00e4ngnis und Erf\u00fcllung.<\/p>\n","protected":false},"excerpt":{"rendered":"<p>ISBN: 978-3-902330-44-4<\/p>\n<p>243 Seiten, s\/w,\u00a0 Softcover<\/p>\n<p>Bestellnummer: 1002<\/p>\n","protected":false},"featured_media":4066,"comment_status":"closed","ping_status":"closed","template":"","meta":{"pgc_meta":"","kia_subtitle":"Martin Stankowski"},"product_cat":[331],"product_tag":[228],"acf":[],"_links":{"self":[{"href":"https:\/\/www.wagnerverlag.at\/content\/index.php?rest_route=\/wp\/v2\/product\/3065"}],"collection":[{"href":"https:\/\/www.wagnerverlag.at\/content\/index.php?rest_route=\/wp\/v2\/product"}],"about":[{"href":"https:\/\/www.wagnerverlag.at\/content\/index.php?rest_route=\/wp\/v2\/types\/product"}],"replies":[{"embeddable":true,"href":"https:\/\/www.wagnerverlag.at\/content\/index.php?rest_route=%2Fwp%2Fv2%2Fcomments&post=3065"}],"wp:featuredmedia":[{"embeddable":true,"href":"https:\/\/www.wagnerverlag.at\/content\/index.php?rest_route=\/wp\/v2\/media\/4066"}],"wp:attachment":[{"href":"https:\/\/www.wagnerverlag.at\/content\/index.php?rest_route=%2Fwp%2Fv2%2Fmedia&parent=3065"}],"wp:term":[{"taxonomy":"product_cat","embeddable":true,"href":"https:\/\/www.wagnerverlag.at\/content\/index.php?rest_route=%2Fwp%2Fv2%2Fproduct_cat&post=3065"},{"taxonomy":"product_tag","embeddable":true,"href":"https:\/\/www.wagnerverlag.at\/content\/index.php?rest_route=%2Fwp%2Fv2%2Fproduct_tag&post=3065"}],"curies":[{"name":"wp","href":"https:\/\/api.w.org\/{rel}","templated":true}]}}