{"id":3059,"date":"2015-09-23T09:46:06","date_gmt":"2015-09-23T08:46:06","guid":{"rendered":"http:\/\/www.wagnerverlag.at\/content\/?post_type=product&#038;p=3059"},"modified":"2017-07-10T09:13:30","modified_gmt":"2017-07-10T08:13:30","slug":"starke-frauen-im-wandel-der-zeit","status":"publish","type":"product","link":"https:\/\/www.wagnerverlag.at\/content\/?product=starke-frauen-im-wandel-der-zeit","title":{"rendered":"Starke Frauen im Wandel der Zeit. Die Wiener \u201eLieserln\u201c 1709-2009"},"content":{"rendered":"<p style=\"text-align: justify;\">Seit dreihundert Jahren pr\u00e4gen Kirche und Kloster der Elisabethinen das Bild der Landstra\u00dfer Hauptstra\u00dfe im dritten Gemeindebezirk von Wien. Das Krankenhaus der \u201eLieserln\u201c war lange Zeit Anlaufstelle f\u00fcr hilfesuchende Frauen in Wien. Von der Gr\u00fcndungszeit (1709) an verbanden die Elisabethinen, den Erfordernissen der Zeit entsprechend, medizinische Hilfe mit christlich-spiritueller Unterst\u00fctzung und Begleitung, entsprechend dem Leitsatz der hl. Elisabeth: \u201eIn Fr\u00f6hlichkeit dem Menschen dienen\u201c.<\/p>\n","protected":false},"excerpt":{"rendered":"<p class=\"title\">ISBN: 978-3-902330-41-3<\/p>\n<p class=\"title\"><span style=\"color: #ff0000;\"><a style=\"color: #ff0000;\" href=\"https:\/\/www.wagnerverlag.at\/content\/wp-content\/uploads\/2009\/11\/FS-Elisabethinen-Inhaltsverzeichnis.pdf\">Inhaltsverzeichnis<\/a><\/span><\/p>\n<p class=\"title\">Bestellnummer: 0907<\/p>\n","protected":false},"featured_media":4069,"comment_status":"closed","ping_status":"closed","template":"","meta":{"pgc_meta":"","kia_subtitle":"Eva Drechsler, Maria A. Mayrhofer"},"product_cat":[126],"product_tag":[230,231],"acf":[],"_links":{"self":[{"href":"https:\/\/www.wagnerverlag.at\/content\/index.php?rest_route=\/wp\/v2\/product\/3059"}],"collection":[{"href":"https:\/\/www.wagnerverlag.at\/content\/index.php?rest_route=\/wp\/v2\/product"}],"about":[{"href":"https:\/\/www.wagnerverlag.at\/content\/index.php?rest_route=\/wp\/v2\/types\/product"}],"replies":[{"embeddable":true,"href":"https:\/\/www.wagnerverlag.at\/content\/index.php?rest_route=%2Fwp%2Fv2%2Fcomments&post=3059"}],"wp:featuredmedia":[{"embeddable":true,"href":"https:\/\/www.wagnerverlag.at\/content\/index.php?rest_route=\/wp\/v2\/media\/4069"}],"wp:attachment":[{"href":"https:\/\/www.wagnerverlag.at\/content\/index.php?rest_route=%2Fwp%2Fv2%2Fmedia&parent=3059"}],"wp:term":[{"taxonomy":"product_cat","embeddable":true,"href":"https:\/\/www.wagnerverlag.at\/content\/index.php?rest_route=%2Fwp%2Fv2%2Fproduct_cat&post=3059"},{"taxonomy":"product_tag","embeddable":true,"href":"https:\/\/www.wagnerverlag.at\/content\/index.php?rest_route=%2Fwp%2Fv2%2Fproduct_tag&post=3059"}],"curies":[{"name":"wp","href":"https:\/\/api.w.org\/{rel}","templated":true}]}}