{"id":3056,"date":"2015-09-23T09:28:05","date_gmt":"2015-09-23T08:28:05","guid":{"rendered":"http:\/\/www.wagnerverlag.at\/content\/?post_type=product&#038;p=3056"},"modified":"2017-07-10T09:13:55","modified_gmt":"2017-07-10T08:13:55","slug":"topographia-florianensis-1743","status":"publish","type":"product","link":"https:\/\/www.wagnerverlag.at\/content\/?product=topographia-florianensis-1743","title":{"rendered":"Topographia Florianensis (1743)"},"content":{"rendered":"<p style=\"text-align: justify;\">Das \u00f6sterreichische Augustinerchorherrenstift St. Florian besitzt in seinem Archiv eine einzigartige, pr\u00e4chtig bebilderte Beschreibung \u00fcber die dem Stift geh\u00f6renden Kirchen und Kapellen. Diese aus dem Jahr 1743 stammende Handschrift \u201eTopographia Florianensis\u201c wurde nun \u2013 erg\u00e4nzt mit transkribierten und \u00fcbersetzten Texten \u2013 erstmals ediert. Der in rotem Leder gebundene Goldschnittband beinhaltet 74 (75) beschriebene und in kolorierten Federzeichnungen dargestellte Objekte. Der Band ist ein inhaltliches und optisches Gustost\u00fcck \u00f6sterreichischer Kirchen- und Ordensgeschichte.<\/p>\n","protected":false},"excerpt":{"rendered":"<p>ISBN: 978-3-902330-36-9<\/p>\n<p>177 Seiten, ledergebunden, Goldschnitt, Faksimile, Pl\u00e4ne eingelegt, zahlr. farb. Darstellungen<\/p>\n<p><span style=\"color: #ff0000;\"><a style=\"color: #ff0000;\" href=\"https:\/\/www.wagnerverlag.at\/content\/wp-content\/uploads\/2009\/04\/Serie-Praelatorum-Vorwort.pdf\">Vorwort<\/a><\/span><\/p>\n<p>Bestellnummer: 0904<\/p>\n","protected":false},"featured_media":4072,"comment_status":"closed","ping_status":"closed","template":"","meta":{"pgc_meta":"","kia_subtitle":"Karl Rehberger, Christiane Wunschheim (Hg.)"},"product_cat":[126],"product_tag":[176,177],"acf":[],"_links":{"self":[{"href":"https:\/\/www.wagnerverlag.at\/content\/index.php?rest_route=\/wp\/v2\/product\/3056"}],"collection":[{"href":"https:\/\/www.wagnerverlag.at\/content\/index.php?rest_route=\/wp\/v2\/product"}],"about":[{"href":"https:\/\/www.wagnerverlag.at\/content\/index.php?rest_route=\/wp\/v2\/types\/product"}],"replies":[{"embeddable":true,"href":"https:\/\/www.wagnerverlag.at\/content\/index.php?rest_route=%2Fwp%2Fv2%2Fcomments&post=3056"}],"wp:featuredmedia":[{"embeddable":true,"href":"https:\/\/www.wagnerverlag.at\/content\/index.php?rest_route=\/wp\/v2\/media\/4072"}],"wp:attachment":[{"href":"https:\/\/www.wagnerverlag.at\/content\/index.php?rest_route=%2Fwp%2Fv2%2Fmedia&parent=3056"}],"wp:term":[{"taxonomy":"product_cat","embeddable":true,"href":"https:\/\/www.wagnerverlag.at\/content\/index.php?rest_route=%2Fwp%2Fv2%2Fproduct_cat&post=3056"},{"taxonomy":"product_tag","embeddable":true,"href":"https:\/\/www.wagnerverlag.at\/content\/index.php?rest_route=%2Fwp%2Fv2%2Fproduct_tag&post=3056"}],"curies":[{"name":"wp","href":"https:\/\/api.w.org\/{rel}","templated":true}]}}