{"id":3053,"date":"2015-09-22T19:58:40","date_gmt":"2015-09-22T18:58:40","guid":{"rendered":"http:\/\/www.wagnerverlag.at\/content\/?post_type=product&#038;p=3053"},"modified":"2016-07-04T10:45:51","modified_gmt":"2016-07-04T09:45:51","slug":"forschungsreihe-leben-im-alter-bd-2-optimieren-und-neugestalten","status":"publish","type":"product","link":"https:\/\/www.wagnerverlag.at\/content\/?product=forschungsreihe-leben-im-alter-bd-2-optimieren-und-neugestalten","title":{"rendered":"Optimieren und Neugestalten. Zukunftsstrategien f\u00fcr die mobile und station\u00e4re Altenpflege"},"content":{"rendered":"<p style=\"text-align: justify;\">Anbieter von Dienstleistungen im Bereich Betreuung und Pflege kommen durch die demografische Entwicklung und die Folgen wirtschaftlicher Krisenerscheinungen unter \u00f6konomischen Druck. Um die Leistungsqualit\u00e4t auf hohem Niveau halten zu k\u00f6nnen, m\u00fcssen die vorhandenen Ressourcen durch ein Optimieren der Prozesse und Strukturen besser genutzt werden. Zudem ist eine innovative Neugestaltung der Dienstleistungen angesagt.<br \/>\nDieses Buch zeigt anhand praktischer Beispiele, wie das Optimieren von Arbeitsabl\u00e4ufen im Bereich der mobilen und station\u00e4ren Altenpflege realisiert werden kann, und bietet eine theoretische Fundierung daf\u00fcr. Ein zweiter Fokus liegt auf dem Neugestalten von Dienstleistungen und auf neuen Formen der Zusammenarbeit zwischen bestehenden Einrichtungen.<\/p>\n","protected":false},"excerpt":{"rendered":"<p>ISBN: 978-3-902330-43-7<\/p>\n<p><span style=\"color: #ff0000;\"><a style=\"color: #ff0000;\" href=\"https:\/\/www.wagnerverlag.at\/content\/wp-content\/uploads\/2009\/04\/Leben-im-Alter-2-Inhalt.pdf\">Inhaltsverzeichnis<\/a><\/span><\/p>\n<p>Bestellnummer: 1001<\/p>\n","protected":false},"featured_media":4074,"comment_status":"closed","ping_status":"closed","template":"","meta":{"pgc_meta":"","kia_subtitle":"Paul Brandl"},"product_cat":[124],"product_tag":[235],"acf":[],"_links":{"self":[{"href":"https:\/\/www.wagnerverlag.at\/content\/index.php?rest_route=\/wp\/v2\/product\/3053"}],"collection":[{"href":"https:\/\/www.wagnerverlag.at\/content\/index.php?rest_route=\/wp\/v2\/product"}],"about":[{"href":"https:\/\/www.wagnerverlag.at\/content\/index.php?rest_route=\/wp\/v2\/types\/product"}],"replies":[{"embeddable":true,"href":"https:\/\/www.wagnerverlag.at\/content\/index.php?rest_route=%2Fwp%2Fv2%2Fcomments&post=3053"}],"wp:featuredmedia":[{"embeddable":true,"href":"https:\/\/www.wagnerverlag.at\/content\/index.php?rest_route=\/wp\/v2\/media\/4074"}],"wp:attachment":[{"href":"https:\/\/www.wagnerverlag.at\/content\/index.php?rest_route=%2Fwp%2Fv2%2Fmedia&parent=3053"}],"wp:term":[{"taxonomy":"product_cat","embeddable":true,"href":"https:\/\/www.wagnerverlag.at\/content\/index.php?rest_route=%2Fwp%2Fv2%2Fproduct_cat&post=3053"},{"taxonomy":"product_tag","embeddable":true,"href":"https:\/\/www.wagnerverlag.at\/content\/index.php?rest_route=%2Fwp%2Fv2%2Fproduct_tag&post=3053"}],"curies":[{"name":"wp","href":"https:\/\/api.w.org\/{rel}","templated":true}]}}