{"id":3051,"date":"2015-09-22T19:43:52","date_gmt":"2015-09-22T18:43:52","guid":{"rendered":"http:\/\/www.wagnerverlag.at\/content\/?post_type=product&#038;p=3051"},"modified":"2017-07-10T09:14:07","modified_gmt":"2017-07-10T08:14:07","slug":"gefaehrten-jesu-gefaehrten-der-menschen","status":"publish","type":"product","link":"https:\/\/www.wagnerverlag.at\/content\/?product=gefaehrten-jesu-gefaehrten-der-menschen","title":{"rendered":"Gef\u00e4hrten Jesu \u2013 Gef\u00e4hrten der Menschen. 100 Jahre Jesuiten am Alten Dom 1909 \u2013 2009"},"content":{"rendered":"<p style=\"text-align: justify;\">Die Ignatiuskirche in Linz hat eine wechselvolle Geschichte. Von den Jesuiten im 17. Jahrhundert erbaut, wurde sie nach der Aufhebung der Gesellschaft Jesu zur Bischofskirche der neuen Di\u00f6zese Linz, um 1909 wieder an die Jesuiten zur\u00fcckgegeben zu werden. Die Festschrift zur 100 j\u00e4hrigen Wiederkehr bietet historische, kunsthistorische aber auch theologische Texte. Eigene Beitr\u00e4ge finden sich zum verdienstvollen Wirken des STUWE (Studentenwerk), zum Haus \u201eManresa\u201c f\u00fcr Berufungspastoral, zur Kirchenmusik, aber auch zum touristischen Stellenwert der Kirche, die bis heute \u201eAlter Dom\u201c genannt wird.<\/p>\n","protected":false},"excerpt":{"rendered":"<p class=\"title\">ISBN: 978-3-902330-35-2<\/p>\n<p class=\"title\"><span style=\"color: #ff0000;\"><a style=\"color: #ff0000;\" href=\"https:\/\/www.wagnerverlag.at\/content\/wp-content\/uploads\/2009\/02\/Inhaltsverzeichnis-FS-Jesuiten.pdf\">Inhaltsverzeichnis<\/a><\/span><\/p>\n<p class=\"title\">Bestellnummer: 0902<\/p>\n","protected":false},"featured_media":4076,"comment_status":"closed","ping_status":"closed","template":"","meta":{"pgc_meta":"","kia_subtitle":"Jesuitenkommunit\u00e4t St. Ignatius Linz (Hg.)"},"product_cat":[126],"product_tag":[237],"acf":[],"_links":{"self":[{"href":"https:\/\/www.wagnerverlag.at\/content\/index.php?rest_route=\/wp\/v2\/product\/3051"}],"collection":[{"href":"https:\/\/www.wagnerverlag.at\/content\/index.php?rest_route=\/wp\/v2\/product"}],"about":[{"href":"https:\/\/www.wagnerverlag.at\/content\/index.php?rest_route=\/wp\/v2\/types\/product"}],"replies":[{"embeddable":true,"href":"https:\/\/www.wagnerverlag.at\/content\/index.php?rest_route=%2Fwp%2Fv2%2Fcomments&post=3051"}],"wp:featuredmedia":[{"embeddable":true,"href":"https:\/\/www.wagnerverlag.at\/content\/index.php?rest_route=\/wp\/v2\/media\/4076"}],"wp:attachment":[{"href":"https:\/\/www.wagnerverlag.at\/content\/index.php?rest_route=%2Fwp%2Fv2%2Fmedia&parent=3051"}],"wp:term":[{"taxonomy":"product_cat","embeddable":true,"href":"https:\/\/www.wagnerverlag.at\/content\/index.php?rest_route=%2Fwp%2Fv2%2Fproduct_cat&post=3051"},{"taxonomy":"product_tag","embeddable":true,"href":"https:\/\/www.wagnerverlag.at\/content\/index.php?rest_route=%2Fwp%2Fv2%2Fproduct_tag&post=3051"}],"curies":[{"name":"wp","href":"https:\/\/api.w.org\/{rel}","templated":true}]}}