{"id":3049,"date":"2015-09-22T19:35:31","date_gmt":"2015-09-22T18:35:31","guid":{"rendered":"http:\/\/www.wagnerverlag.at\/content\/?post_type=product&#038;p=3049"},"modified":"2017-07-10T09:14:29","modified_gmt":"2017-07-10T08:14:29","slug":"homo-animal-materiale","status":"publish","type":"product","link":"https:\/\/www.wagnerverlag.at\/content\/?product=homo-animal-materiale","title":{"rendered":"Homo animal materiale. Die materielle Bestimmtheit des Menschen"},"content":{"rendered":"<p style=\"text-align: justify;\">Zweifelsohne muss im Licht j\u00fcngster naturwissenschaftlicher Erkenntnisse das traditionelle Bild von der Autonomie menschlicher Denk- und Willensentscheidungen korrigiert werden. Zugleich allerdings ist ein rein reduktionistischer Ansatz, der versucht, Denken, Handeln und F\u00fchlen allein auf genetische und neurobiologisch determinierte Steuerungsprozesse zur\u00fcckzuf\u00fchren, hoch problematisch.<\/p>\n","protected":false},"excerpt":{"rendered":"<p>ISBN: 978-3-902330-30-7<\/p>\n<p>148 Seiten, hardcover, farbig, zahlreiche Abbildungen<\/p>\n<p><span style=\"color: #ff0000;\"><a style=\"color: #ff0000;\" href=\"https:\/\/www.wagnerverlag.at\/content\/wp-content\/uploads\/2008\/09\/Homo-animal-materiale-Inhalt.pdf\">Inhaltsverzeichnis<\/a><\/span><\/p>\n<p>Bestellnummer: 0809<\/p>\n","protected":false},"featured_media":4078,"comment_status":"closed","ping_status":"closed","template":"","meta":{"pgc_meta":"","kia_subtitle":"Reinhart K\u00f6gerler, Franz Gruber, Martin D\u00fcrnberger (Hg.)"},"product_cat":[129],"product_tag":[239,238,193],"acf":[],"_links":{"self":[{"href":"https:\/\/www.wagnerverlag.at\/content\/index.php?rest_route=\/wp\/v2\/product\/3049"}],"collection":[{"href":"https:\/\/www.wagnerverlag.at\/content\/index.php?rest_route=\/wp\/v2\/product"}],"about":[{"href":"https:\/\/www.wagnerverlag.at\/content\/index.php?rest_route=\/wp\/v2\/types\/product"}],"replies":[{"embeddable":true,"href":"https:\/\/www.wagnerverlag.at\/content\/index.php?rest_route=%2Fwp%2Fv2%2Fcomments&post=3049"}],"wp:featuredmedia":[{"embeddable":true,"href":"https:\/\/www.wagnerverlag.at\/content\/index.php?rest_route=\/wp\/v2\/media\/4078"}],"wp:attachment":[{"href":"https:\/\/www.wagnerverlag.at\/content\/index.php?rest_route=%2Fwp%2Fv2%2Fmedia&parent=3049"}],"wp:term":[{"taxonomy":"product_cat","embeddable":true,"href":"https:\/\/www.wagnerverlag.at\/content\/index.php?rest_route=%2Fwp%2Fv2%2Fproduct_cat&post=3049"},{"taxonomy":"product_tag","embeddable":true,"href":"https:\/\/www.wagnerverlag.at\/content\/index.php?rest_route=%2Fwp%2Fv2%2Fproduct_tag&post=3049"}],"curies":[{"name":"wp","href":"https:\/\/api.w.org\/{rel}","templated":true}]}}