{"id":3048,"date":"2015-09-22T19:33:20","date_gmt":"2015-09-22T18:33:20","guid":{"rendered":"http:\/\/www.wagnerverlag.at\/content\/?post_type=product&#038;p=3048"},"modified":"2017-07-10T09:14:40","modified_gmt":"2017-07-10T08:14:40","slug":"bezaubernde-mauzi","status":"publish","type":"product","link":"https:\/\/www.wagnerverlag.at\/content\/?product=bezaubernde-mauzi","title":{"rendered":"Bezaubernde Mauzi. Biografie einer Katze"},"content":{"rendered":"<p style=\"text-align: justify;\">\u201eBezaubernde Mauzi\u201c ist eine Geschichte f\u00fcr all jene Menschen, die Katzen entweder schon lieben oder sie vielleicht ein bisschen besser verstehen m\u00f6chten.<br \/>\nIn ihren eigenen Worten erz\u00e4hlt uns Mauzi, (k)eine gew\u00f6hnliche Hauskatze (meistens) ganz in Wei\u00df, unkompliziert, heiter und dennoch tiefsinnig ihre Lebensgeschichte wie auch teilweise jene der Autorin. Sie teilt uns zum Beispiel mit, was Katzen zum Schnurren bringt, aber auch, was sie buchst\u00e4blich haarstr\u00e4ubend empfinden. Wer jetzt noch meint, eine Katze h\u00e4tte wohl nicht viel zu erz\u00e4hlen, der irrt sich gewaltig.<br \/>\nWeiters beinhaltet dieses Buch einen Sachbuch-Teil zur richtigen Hege und Pflege der Katze. Ebenso finden sich in diesem Buch einige Gedanken der Autorin zum Thema Behinderung.<\/p>\n","protected":false},"excerpt":{"rendered":"<p>ISBN: 978-3-902330-33-8<\/p>\n<p>134 Seiten, broschiert, s\/w bebildert<\/p>\n<p><span style=\"color: #ff0000;\"><a style=\"color: #ff0000;\" href=\"https:\/\/www.wagnerverlag.at\/content\/wp-content\/uploads\/2008\/08\/Bezaubernde-Mauzi-Inhalt.pdf\">Inhaltsverzeichnis<\/a><\/span><\/p>\n<p>Bestellnummer: 0808<\/p>\n","protected":false},"featured_media":4080,"comment_status":"closed","ping_status":"closed","template":"","meta":{"pgc_meta":"","kia_subtitle":"Silvia Bernacki"},"product_cat":[331],"product_tag":[240],"acf":[],"_links":{"self":[{"href":"https:\/\/www.wagnerverlag.at\/content\/index.php?rest_route=\/wp\/v2\/product\/3048"}],"collection":[{"href":"https:\/\/www.wagnerverlag.at\/content\/index.php?rest_route=\/wp\/v2\/product"}],"about":[{"href":"https:\/\/www.wagnerverlag.at\/content\/index.php?rest_route=\/wp\/v2\/types\/product"}],"replies":[{"embeddable":true,"href":"https:\/\/www.wagnerverlag.at\/content\/index.php?rest_route=%2Fwp%2Fv2%2Fcomments&post=3048"}],"wp:featuredmedia":[{"embeddable":true,"href":"https:\/\/www.wagnerverlag.at\/content\/index.php?rest_route=\/wp\/v2\/media\/4080"}],"wp:attachment":[{"href":"https:\/\/www.wagnerverlag.at\/content\/index.php?rest_route=%2Fwp%2Fv2%2Fmedia&parent=3048"}],"wp:term":[{"taxonomy":"product_cat","embeddable":true,"href":"https:\/\/www.wagnerverlag.at\/content\/index.php?rest_route=%2Fwp%2Fv2%2Fproduct_cat&post=3048"},{"taxonomy":"product_tag","embeddable":true,"href":"https:\/\/www.wagnerverlag.at\/content\/index.php?rest_route=%2Fwp%2Fv2%2Fproduct_tag&post=3048"}],"curies":[{"name":"wp","href":"https:\/\/api.w.org\/{rel}","templated":true}]}}