{"id":3046,"date":"2015-09-22T19:28:35","date_gmt":"2015-09-22T18:28:35","guid":{"rendered":"http:\/\/www.wagnerverlag.at\/content\/?post_type=product&#038;p=3046"},"modified":"2016-07-06T08:21:08","modified_gmt":"2016-07-06T07:21:08","slug":"liebe-franziska-lieber-franz","status":"publish","type":"product","link":"https:\/\/www.wagnerverlag.at\/content\/?product=liebe-franziska-lieber-franz","title":{"rendered":"Liebe Franziska! Lieber Franz! Junge Briefe an die J\u00e4gerst\u00e4tters"},"content":{"rendered":"<p style=\"text-align: justify;\">Anl\u00e4sslich des 100. Geburtstages und der Seligsprechung des ober\u00f6sterreichischen Kriegsdienstverweigerers setzen sich Sch\u00fclerInnen aller Altersgruppen und Schultypen mit dem Leben von Franz J\u00e4gerst\u00e4tter und seiner Familie auseinander. In 90 Briefen finden sich bemerkenswerte Gedanken zu Nationalsozialismus, Krieg, Widerstand, Tod, Gewissen, Verantwortung und Glauben.<\/p>\n","protected":false},"excerpt":{"rendered":"<p>ISBN: 978-3-902330-30-7<\/p>\n<p>148 Seiten, hardcover, farbig, zahlr. Abbildungen<\/p>\n<p><span style=\"color: #ff0000;\"><a style=\"color: #ff0000;\" href=\"https:\/\/www.wagnerverlag.at\/content\/wp-content\/uploads\/2008\/06\/Inhaltsverzeichnis-Schlager-Weidinger_Putz.pdf\">Inhaltsverzeichnis<\/a><\/span><\/p>\n<p>Bestellnummer: 0806<\/p>\n","protected":false},"featured_media":4082,"comment_status":"closed","ping_status":"closed","template":"","meta":{"pgc_meta":"","kia_subtitle":"Thomas Schlager-Weidinger, Erna Putz (Hg.)"},"product_cat":[111],"product_tag":[179,178],"acf":[],"_links":{"self":[{"href":"https:\/\/www.wagnerverlag.at\/content\/index.php?rest_route=\/wp\/v2\/product\/3046"}],"collection":[{"href":"https:\/\/www.wagnerverlag.at\/content\/index.php?rest_route=\/wp\/v2\/product"}],"about":[{"href":"https:\/\/www.wagnerverlag.at\/content\/index.php?rest_route=\/wp\/v2\/types\/product"}],"replies":[{"embeddable":true,"href":"https:\/\/www.wagnerverlag.at\/content\/index.php?rest_route=%2Fwp%2Fv2%2Fcomments&post=3046"}],"wp:featuredmedia":[{"embeddable":true,"href":"https:\/\/www.wagnerverlag.at\/content\/index.php?rest_route=\/wp\/v2\/media\/4082"}],"wp:attachment":[{"href":"https:\/\/www.wagnerverlag.at\/content\/index.php?rest_route=%2Fwp%2Fv2%2Fmedia&parent=3046"}],"wp:term":[{"taxonomy":"product_cat","embeddable":true,"href":"https:\/\/www.wagnerverlag.at\/content\/index.php?rest_route=%2Fwp%2Fv2%2Fproduct_cat&post=3046"},{"taxonomy":"product_tag","embeddable":true,"href":"https:\/\/www.wagnerverlag.at\/content\/index.php?rest_route=%2Fwp%2Fv2%2Fproduct_tag&post=3046"}],"curies":[{"name":"wp","href":"https:\/\/api.w.org\/{rel}","templated":true}]}}