{"id":3045,"date":"2015-09-22T19:25:04","date_gmt":"2015-09-22T18:25:04","guid":{"rendered":"http:\/\/www.wagnerverlag.at\/content\/?post_type=product&#038;p=3045"},"modified":"2017-07-10T09:14:56","modified_gmt":"2017-07-10T08:14:56","slug":"missionarisch-kirche-sein","status":"publish","type":"product","link":"https:\/\/www.wagnerverlag.at\/content\/?product=missionarisch-kirche-sein","title":{"rendered":"Missionarisch Kirche sein"},"content":{"rendered":"<p style=\"text-align: justify;\">Es geht um ein zeitgem\u00e4\u00dfes Verst\u00e4ndnis von \u201eMissionarisch-Sein\u201c: eine neue Kommunikationsf\u00e4higkeit, eine klare und wohlwollende Positionierung, ein Hinausgehen, einen einladenden Stil u.a.m. Dieser Anforderung f\u00fcr die Zukunft widmet sich das Buch zur \u00d6sterreichischen Pastoraltagung 2008.<\/p>\n","protected":false},"excerpt":{"rendered":"<p>ISBN: 978-3-902330-29-1<\/p>\n<p>171 Seiten, broschiert, s\/w<\/p>\n<p><span style=\"color: #ff0000;\"><a style=\"color: #ff0000;\" href=\"https:\/\/www.wagnerverlag.at\/content\/wp-content\/uploads\/2008\/05\/Missionarisch-Kirche-sein-Inhalt.pdf\">Inhaltsverzeichnis<\/a><\/span><\/p>\n<p>Bestellnummer: 0805<\/p>\n","protected":false},"featured_media":4083,"comment_status":"closed","ping_status":"closed","template":"","meta":{"pgc_meta":"","kia_subtitle":"Walter Kriegerer, Balthasar Sieberer (Hg.)"},"product_cat":[115],"product_tag":[276,175],"acf":[],"_links":{"self":[{"href":"https:\/\/www.wagnerverlag.at\/content\/index.php?rest_route=\/wp\/v2\/product\/3045"}],"collection":[{"href":"https:\/\/www.wagnerverlag.at\/content\/index.php?rest_route=\/wp\/v2\/product"}],"about":[{"href":"https:\/\/www.wagnerverlag.at\/content\/index.php?rest_route=\/wp\/v2\/types\/product"}],"replies":[{"embeddable":true,"href":"https:\/\/www.wagnerverlag.at\/content\/index.php?rest_route=%2Fwp%2Fv2%2Fcomments&post=3045"}],"wp:featuredmedia":[{"embeddable":true,"href":"https:\/\/www.wagnerverlag.at\/content\/index.php?rest_route=\/wp\/v2\/media\/4083"}],"wp:attachment":[{"href":"https:\/\/www.wagnerverlag.at\/content\/index.php?rest_route=%2Fwp%2Fv2%2Fmedia&parent=3045"}],"wp:term":[{"taxonomy":"product_cat","embeddable":true,"href":"https:\/\/www.wagnerverlag.at\/content\/index.php?rest_route=%2Fwp%2Fv2%2Fproduct_cat&post=3045"},{"taxonomy":"product_tag","embeddable":true,"href":"https:\/\/www.wagnerverlag.at\/content\/index.php?rest_route=%2Fwp%2Fv2%2Fproduct_tag&post=3045"}],"curies":[{"name":"wp","href":"https:\/\/api.w.org\/{rel}","templated":true}]}}