{"id":3042,"date":"2015-09-23T19:23:13","date_gmt":"2015-09-23T18:23:13","guid":{"rendered":"http:\/\/www.wagnerverlag.at\/content\/?post_type=product&#038;p=3042"},"modified":"2017-07-10T09:05:38","modified_gmt":"2017-07-10T08:05:38","slug":"momente-spuren-wege","status":"publish","type":"product","link":"https:\/\/www.wagnerverlag.at\/content\/?product=momente-spuren-wege","title":{"rendered":"Momente \u2013 Spuren \u2013 Wege. Frauenleben sichtbar gemacht"},"content":{"rendered":"<p style=\"text-align: justify;\">19 Frauen aus der Di\u00f6zese Linz werden in diesem Buch in den Mittelpunkt ger\u00fcckt: Von der Hausfrau zur feministischen Theologin, von der Altb\u00e4urin zur Voest-Arbeiterin, von der Mundartdichterin zur Ordensfrau, von der Alleinerzieherin zur Pensionistin, von der Studentin zur Migrantin, die als K\u00f6chin arbeitet. Sie alle sind Teil eines Schatzes, den die Kirche an Frauen hat. Zusammen ergeben sie ein lebendiges Bild von Kirche heute \u2013 aus der Sicht der Frauen.<\/p>\n","protected":false},"excerpt":{"rendered":"<p>ISBN: 978-3-902330-26-0<\/p>\n<p>119 Seiten, reich bebildert<\/p>\n<p>Bestellnummer: 0802<\/p>\n","protected":false},"featured_media":3995,"comment_status":"closed","ping_status":"closed","template":"","meta":{"pgc_meta":"","kia_subtitle":"Frauenkommission Di\u00f6zese Linz (Hg.)"},"product_cat":[117],"product_tag":[159],"acf":[],"_links":{"self":[{"href":"https:\/\/www.wagnerverlag.at\/content\/index.php?rest_route=\/wp\/v2\/product\/3042"}],"collection":[{"href":"https:\/\/www.wagnerverlag.at\/content\/index.php?rest_route=\/wp\/v2\/product"}],"about":[{"href":"https:\/\/www.wagnerverlag.at\/content\/index.php?rest_route=\/wp\/v2\/types\/product"}],"replies":[{"embeddable":true,"href":"https:\/\/www.wagnerverlag.at\/content\/index.php?rest_route=%2Fwp%2Fv2%2Fcomments&post=3042"}],"wp:featuredmedia":[{"embeddable":true,"href":"https:\/\/www.wagnerverlag.at\/content\/index.php?rest_route=\/wp\/v2\/media\/3995"}],"wp:attachment":[{"href":"https:\/\/www.wagnerverlag.at\/content\/index.php?rest_route=%2Fwp%2Fv2%2Fmedia&parent=3042"}],"wp:term":[{"taxonomy":"product_cat","embeddable":true,"href":"https:\/\/www.wagnerverlag.at\/content\/index.php?rest_route=%2Fwp%2Fv2%2Fproduct_cat&post=3042"},{"taxonomy":"product_tag","embeddable":true,"href":"https:\/\/www.wagnerverlag.at\/content\/index.php?rest_route=%2Fwp%2Fv2%2Fproduct_tag&post=3042"}],"curies":[{"name":"wp","href":"https:\/\/api.w.org\/{rel}","templated":true}]}}