{"id":3037,"date":"2015-09-22T18:31:55","date_gmt":"2015-09-22T17:31:55","guid":{"rendered":"http:\/\/www.wagnerverlag.at\/content\/?post_type=product&#038;p=3037"},"modified":"2017-07-10T09:16:11","modified_gmt":"2017-07-10T08:16:11","slug":"christliche-gastfreundschaft-einst-und-jetzt","status":"publish","type":"product","link":"https:\/\/www.wagnerverlag.at\/content\/?product=christliche-gastfreundschaft-einst-und-jetzt","title":{"rendered":"Christliche Gastfreundschaft \u2013 einst und jetzt. 250 Jahre Konventhospital Barmherzige Br\u00fcder Linz"},"content":{"rendered":"<p style=\"text-align: justify;\">250 Jahre sind eine lange, beachtenswerte Zeit, ein Viertel Jahrtausend. Solange schon stellen die Barmherzigen Br\u00fcder in Linz den Raum zur Verf\u00fcgung, Menschen mit unterschiedlichsten Krankheiten und N\u00f6ten Hilfe zu erm\u00f6glichen. Die Autorinnen und Autoren informieren \u00fcber verschiedene Zug\u00e4nge zur facettenreichen Realit\u00e4t eines Krankenhauses.<\/p>\n","protected":false},"excerpt":{"rendered":"<p>ISBN: 978-3-902330-22-2<\/p>\n<p>224 Seiten, gebunden, zahlreiche Abbildungen<\/p>\n<p><span style=\"color: #ff0000;\"><a style=\"color: #ff0000;\" href=\"https:\/\/www.wagnerverlag.at\/content\/wp-content\/uploads\/2007\/06\/Christliche-Gastfreundschaft-Inhalt.pdf\">Inhaltsverzeichnis<\/a><\/span><\/p>\n<p>Bestellnummer: 0706<\/p>\n","protected":false},"featured_media":4094,"comment_status":"closed","ping_status":"closed","template":"","meta":{"pgc_meta":"","kia_subtitle":"Karl-Heinz Braun, Fr. Engelbert W. Raab OH, Helmut Wagner (Hg.)"},"product_cat":[126],"product_tag":[257,258,187],"acf":[],"_links":{"self":[{"href":"https:\/\/www.wagnerverlag.at\/content\/index.php?rest_route=\/wp\/v2\/product\/3037"}],"collection":[{"href":"https:\/\/www.wagnerverlag.at\/content\/index.php?rest_route=\/wp\/v2\/product"}],"about":[{"href":"https:\/\/www.wagnerverlag.at\/content\/index.php?rest_route=\/wp\/v2\/types\/product"}],"replies":[{"embeddable":true,"href":"https:\/\/www.wagnerverlag.at\/content\/index.php?rest_route=%2Fwp%2Fv2%2Fcomments&post=3037"}],"wp:featuredmedia":[{"embeddable":true,"href":"https:\/\/www.wagnerverlag.at\/content\/index.php?rest_route=\/wp\/v2\/media\/4094"}],"wp:attachment":[{"href":"https:\/\/www.wagnerverlag.at\/content\/index.php?rest_route=%2Fwp%2Fv2%2Fmedia&parent=3037"}],"wp:term":[{"taxonomy":"product_cat","embeddable":true,"href":"https:\/\/www.wagnerverlag.at\/content\/index.php?rest_route=%2Fwp%2Fv2%2Fproduct_cat&post=3037"},{"taxonomy":"product_tag","embeddable":true,"href":"https:\/\/www.wagnerverlag.at\/content\/index.php?rest_route=%2Fwp%2Fv2%2Fproduct_tag&post=3037"}],"curies":[{"name":"wp","href":"https:\/\/api.w.org\/{rel}","templated":true}]}}