{"id":3031,"date":"2015-09-22T18:11:40","date_gmt":"2015-09-22T17:11:40","guid":{"rendered":"http:\/\/www.wagnerverlag.at\/content\/?post_type=product&#038;p=3031"},"modified":"2016-07-06T08:28:19","modified_gmt":"2016-07-06T07:28:19","slug":"die-pfarre-ebensee-in-der-zeit-des-nationalsozialismus","status":"publish","type":"product","link":"https:\/\/www.wagnerverlag.at\/content\/?product=die-pfarre-ebensee-in-der-zeit-des-nationalsozialismus","title":{"rendered":"Die Pfarre Ebensee in der Zeit des Nationalsozialismus"},"content":{"rendered":"<p style=\"text-align: justify;\">Als \u00d6sterreich an Deutschland angeschlossen wurde, musste der damalige Ebenseer Pfarrer Ferdinand Giesrigl auf Druck der Nazis abdanken. Sein Nachfolger, Pfarrer Georg Wesser-Krell, war ein strammer Nationalsozialist, der seine Litaneien stets mit der Bitte \u201adass du unseren F\u00fchrer besch\u00fctzen m\u00f6gest\u2018, schloss. In Ebensee wurde \u2013 wie \u00fcberall \u2013 das kirchliche Leben stark eingeschr\u00e4nkt. Vor allem aber die Errichtung des Konzentrationslagers 1944 bedeutete f\u00fcr die Ebenseer Katholiken eine schwere Pr\u00fcfung.<\/p>\n","protected":false},"excerpt":{"rendered":"<p>ISBN: 978-3-902330-17-8<\/p>\n<p>146 Seiten, broschiert, 4 s\/w Abbildungen<\/p>\n<p><span style=\"color: #ff0000;\"><a style=\"color: #ff0000;\" href=\"https:\/\/www.wagnerverlag.at\/content\/wp-content\/uploads\/2006\/02\/Inhaltsverzeichnis-Pfarre-Ebensee.pdf\">Inhaltsverzeichnis<\/a><\/span><\/p>\n<p>Bestellnummer: 0602<\/p>\n","protected":false},"featured_media":4100,"comment_status":"closed","ping_status":"closed","template":"","meta":{"pgc_meta":"","kia_subtitle":"Bernhard Engl"},"product_cat":[111],"product_tag":[248],"acf":[],"_links":{"self":[{"href":"https:\/\/www.wagnerverlag.at\/content\/index.php?rest_route=\/wp\/v2\/product\/3031"}],"collection":[{"href":"https:\/\/www.wagnerverlag.at\/content\/index.php?rest_route=\/wp\/v2\/product"}],"about":[{"href":"https:\/\/www.wagnerverlag.at\/content\/index.php?rest_route=\/wp\/v2\/types\/product"}],"replies":[{"embeddable":true,"href":"https:\/\/www.wagnerverlag.at\/content\/index.php?rest_route=%2Fwp%2Fv2%2Fcomments&post=3031"}],"wp:featuredmedia":[{"embeddable":true,"href":"https:\/\/www.wagnerverlag.at\/content\/index.php?rest_route=\/wp\/v2\/media\/4100"}],"wp:attachment":[{"href":"https:\/\/www.wagnerverlag.at\/content\/index.php?rest_route=%2Fwp%2Fv2%2Fmedia&parent=3031"}],"wp:term":[{"taxonomy":"product_cat","embeddable":true,"href":"https:\/\/www.wagnerverlag.at\/content\/index.php?rest_route=%2Fwp%2Fv2%2Fproduct_cat&post=3031"},{"taxonomy":"product_tag","embeddable":true,"href":"https:\/\/www.wagnerverlag.at\/content\/index.php?rest_route=%2Fwp%2Fv2%2Fproduct_tag&post=3031"}],"curies":[{"name":"wp","href":"https:\/\/api.w.org\/{rel}","templated":true}]}}