{"id":3021,"date":"2015-09-23T19:23:13","date_gmt":"2015-09-23T18:23:13","guid":{"rendered":"http:\/\/www.wagnerverlag.at\/content\/?post_type=product&#038;p=3021"},"modified":"2016-07-04T09:26:57","modified_gmt":"2016-07-04T08:26:57","slug":"die-mit-traenen-saeen","status":"publish","type":"product","link":"https:\/\/www.wagnerverlag.at\/content\/?product=die-mit-traenen-saeen","title":{"rendered":"Die mit Tr\u00e4nen s\u00e4en\u2026 Johann Steinbock \u2013 Priester in Dachau"},"content":{"rendered":"<p style=\"text-align: justify;\">Kanonikus Johann Steinbock war der letzte lebende KZ-Priester. Das Buch, das in Interviewform seine Haft und KZ-Zeit schildert, h\u00e4tte zu seinem 95. Geburtstag erscheinen sollen. Wenige Wochen vorher verstarb Steinbock. So ist aus dem Geburtstagsgeschenk ein Verm\u00e4chtnis an die Nachwelt geworden, mit dem ihm und seinen ober\u00f6sterreichischen KZ-Mitbr\u00fcdern gedacht werden soll.<\/p>\n","protected":false},"excerpt":{"rendered":"<p>ISBN: 978-3-902330-07-9<\/p>\n<p>151 Seiten, broschiert, mehrere s\/w Abbildungen<\/p>\n<p><span style=\"color: #ff0000;\"><a style=\"color: #ff0000;\" href=\"https:\/\/www.wagnerverlag.at\/content\/wp-content\/uploads\/2004\/02\/Inhaltsverzeichnis-Zeiger.pdf\">Inhaltsverzeichnis<\/a><\/span><\/p>\n<p>Bestellnummer: 0402<\/p>\n","protected":false},"featured_media":3993,"comment_status":"closed","ping_status":"closed","template":"","meta":{"pgc_meta":"","kia_subtitle":"Franz Zeiger"},"product_cat":[111],"product_tag":[160],"acf":[],"_links":{"self":[{"href":"https:\/\/www.wagnerverlag.at\/content\/index.php?rest_route=\/wp\/v2\/product\/3021"}],"collection":[{"href":"https:\/\/www.wagnerverlag.at\/content\/index.php?rest_route=\/wp\/v2\/product"}],"about":[{"href":"https:\/\/www.wagnerverlag.at\/content\/index.php?rest_route=\/wp\/v2\/types\/product"}],"replies":[{"embeddable":true,"href":"https:\/\/www.wagnerverlag.at\/content\/index.php?rest_route=%2Fwp%2Fv2%2Fcomments&post=3021"}],"wp:featuredmedia":[{"embeddable":true,"href":"https:\/\/www.wagnerverlag.at\/content\/index.php?rest_route=\/wp\/v2\/media\/3993"}],"wp:attachment":[{"href":"https:\/\/www.wagnerverlag.at\/content\/index.php?rest_route=%2Fwp%2Fv2%2Fmedia&parent=3021"}],"wp:term":[{"taxonomy":"product_cat","embeddable":true,"href":"https:\/\/www.wagnerverlag.at\/content\/index.php?rest_route=%2Fwp%2Fv2%2Fproduct_cat&post=3021"},{"taxonomy":"product_tag","embeddable":true,"href":"https:\/\/www.wagnerverlag.at\/content\/index.php?rest_route=%2Fwp%2Fv2%2Fproduct_tag&post=3021"}],"curies":[{"name":"wp","href":"https:\/\/api.w.org\/{rel}","templated":true}]}}