{"id":3015,"date":"2015-09-22T16:50:46","date_gmt":"2015-09-22T15:50:46","guid":{"rendered":"http:\/\/www.wagnerverlag.at\/content\/?post_type=product&#038;p=3015"},"modified":"2016-07-06T08:41:39","modified_gmt":"2016-07-06T07:41:39","slug":"ge-denken","status":"publish","type":"product","link":"https:\/\/www.wagnerverlag.at\/content\/?product=ge-denken","title":{"rendered":"Ge-Denken. Mauthausen\/Gusen, Hartheim, St. Radegund"},"content":{"rendered":"<p style=\"text-align: justify;\">Ober\u00f6sterreichische Theologen, historisch Forschende und K\u00fcnstler nehmen Stellung zur \u201eBew\u00e4ltigung\u201c der nationalsozialistischen Vergangenheit. Der Band beinhaltet einen geschichtlichen \u00dcberblick in der Euthanasieanstalt Hartheim, \u00fcber die Ereignisse im KZ Gusen sowie zur Verehrungsgeschichte des Franz J\u00e4gerst\u00e4tter. Ein wertvolles Begleitbuch zur Ausstellung \u201eWert des Lebens\u201c in Schlo\u00df Hartheim.<\/p>\n","protected":false},"excerpt":{"rendered":"<p>ISBN: 978-3-902330-00-0<\/p>\n<p>207 Seiten, broschiert, zahlreiche farbige Abbildungen<\/p>\n<p>Bestellnummer: 0202<\/p>\n","protected":false},"featured_media":4117,"comment_status":"closed","ping_status":"closed","template":"","meta":{"pgc_meta":"","kia_subtitle":"Manfred Scheuer"},"product_cat":[111],"product_tag":[269],"acf":[],"_links":{"self":[{"href":"https:\/\/www.wagnerverlag.at\/content\/index.php?rest_route=\/wp\/v2\/product\/3015"}],"collection":[{"href":"https:\/\/www.wagnerverlag.at\/content\/index.php?rest_route=\/wp\/v2\/product"}],"about":[{"href":"https:\/\/www.wagnerverlag.at\/content\/index.php?rest_route=\/wp\/v2\/types\/product"}],"replies":[{"embeddable":true,"href":"https:\/\/www.wagnerverlag.at\/content\/index.php?rest_route=%2Fwp%2Fv2%2Fcomments&post=3015"}],"wp:featuredmedia":[{"embeddable":true,"href":"https:\/\/www.wagnerverlag.at\/content\/index.php?rest_route=\/wp\/v2\/media\/4117"}],"wp:attachment":[{"href":"https:\/\/www.wagnerverlag.at\/content\/index.php?rest_route=%2Fwp%2Fv2%2Fmedia&parent=3015"}],"wp:term":[{"taxonomy":"product_cat","embeddable":true,"href":"https:\/\/www.wagnerverlag.at\/content\/index.php?rest_route=%2Fwp%2Fv2%2Fproduct_cat&post=3015"},{"taxonomy":"product_tag","embeddable":true,"href":"https:\/\/www.wagnerverlag.at\/content\/index.php?rest_route=%2Fwp%2Fv2%2Fproduct_tag&post=3015"}],"curies":[{"name":"wp","href":"https:\/\/api.w.org\/{rel}","templated":true}]}}