{"id":3004,"date":"2015-09-18T09:24:18","date_gmt":"2015-09-18T08:24:18","guid":{"rendered":"http:\/\/www.wagnerverlag.at\/content\/?post_type=product&#038;p=3004"},"modified":"2017-07-10T09:19:33","modified_gmt":"2017-07-10T08:19:33","slug":"mauerbluemchen-theologie","status":"publish","type":"product","link":"https:\/\/www.wagnerverlag.at\/content\/?product=mauerbluemchen-theologie","title":{"rendered":"Mauerbl\u00fcmchen Theologie. Zur Rolle der Theologie im Wissenschaftsbetrieb"},"content":{"rendered":"<p style=\"text-align: justify;\">In historischer Perspektive geh\u00f6rt die Theologie zum Kernbestand der Universit\u00e4ten. Ihre Existenzberechtigung im modernen universit\u00e4ren Wissenschaftsbetrieb wird sie auf Dauer jedoch weder mit dem Verweis auf Traditionen noch auf staatskirchenrechtliche Regelungen sichern. Vielmehr gilt es im interdisziplin\u00e4ren Gespr\u00e4ch zu formulieren, welchen aktiven Beitrag sie f\u00fcr das universit\u00e4re Leben, Forschen und Lehren zu erbringen mag.<\/p>\n","protected":false},"excerpt":{"rendered":"<p>ISBN: 3-9500891-6-0<\/p>\n<p>67 Seiten, broschiert<\/p>\n<p>Bestellnummer: 0003<\/p>\n","protected":false},"featured_media":4123,"comment_status":"closed","ping_status":"closed","template":"","meta":{"pgc_meta":"","kia_subtitle":"Markus Lehner (Hg.)"},"product_cat":[129],"product_tag":[226],"acf":[],"_links":{"self":[{"href":"https:\/\/www.wagnerverlag.at\/content\/index.php?rest_route=\/wp\/v2\/product\/3004"}],"collection":[{"href":"https:\/\/www.wagnerverlag.at\/content\/index.php?rest_route=\/wp\/v2\/product"}],"about":[{"href":"https:\/\/www.wagnerverlag.at\/content\/index.php?rest_route=\/wp\/v2\/types\/product"}],"replies":[{"embeddable":true,"href":"https:\/\/www.wagnerverlag.at\/content\/index.php?rest_route=%2Fwp%2Fv2%2Fcomments&post=3004"}],"wp:featuredmedia":[{"embeddable":true,"href":"https:\/\/www.wagnerverlag.at\/content\/index.php?rest_route=\/wp\/v2\/media\/4123"}],"wp:attachment":[{"href":"https:\/\/www.wagnerverlag.at\/content\/index.php?rest_route=%2Fwp%2Fv2%2Fmedia&parent=3004"}],"wp:term":[{"taxonomy":"product_cat","embeddable":true,"href":"https:\/\/www.wagnerverlag.at\/content\/index.php?rest_route=%2Fwp%2Fv2%2Fproduct_cat&post=3004"},{"taxonomy":"product_tag","embeddable":true,"href":"https:\/\/www.wagnerverlag.at\/content\/index.php?rest_route=%2Fwp%2Fv2%2Fproduct_tag&post=3004"}],"curies":[{"name":"wp","href":"https:\/\/api.w.org\/{rel}","templated":true}]}}