{"id":3000,"date":"2015-09-16T18:51:43","date_gmt":"2015-09-16T17:51:43","guid":{"rendered":"http:\/\/www.wagnerverlag.at\/content\/?post_type=product&#038;p=3000"},"modified":"2016-07-06T08:46:07","modified_gmt":"2016-07-06T07:46:07","slug":"der-ns-kirchenkampf-in-den-pfarren","status":"publish","type":"product","link":"https:\/\/www.wagnerverlag.at\/content\/?product=der-ns-kirchenkampf-in-den-pfarren","title":{"rendered":"Der NS-Kirchenkampf in den Pfarren"},"content":{"rendered":"<p style=\"text-align: justify;\">Abseits gro\u00dfer (kirchen)politischer Ereignisse wird der Blick auf die konkrete Seelsorge und das allt\u00e4gliche Leben katholischer Pfarren w\u00e4hrend der Zeit des \u201eDritten Reiches\u201c gelenkt. Mit diesem \u201eBlick von unten\u201c wird ein differenziertes Bild von der Lage der Kirche \u201evor Ort\u201c und von verschiedenen Aspekten widerst\u00e4ndigen Verhaltens innerhalb des Katholizismus geboten. Ein Standardwerk der Forschungen zur kirchlichen Zeitgeschichte Ober\u00f6sterreichs!<\/p>\n","protected":false},"excerpt":{"rendered":"<p>ISBN: 978-3-9500891-0-3<\/p>\n<p>432 Seiten, Abbildungen<\/p>\n<p><span style=\"color: #ff0000;\"><a style=\"color: #ff0000;\" href=\"https:\/\/www.wagnerverlag.at\/content\/wp-content\/uploads\/1998\/01\/Inhaltsverzeichnis-NS-Kirchenkampf.pdf\">Inhaltsverzeichnis<\/a><\/span><\/p>\n<p>Bestellnummer: 9801<\/p>\n","protected":false},"featured_media":4126,"comment_status":"closed","ping_status":"closed","template":"","meta":{"pgc_meta":"","kia_subtitle":"Helmut Wagner"},"product_cat":[111],"product_tag":[187],"acf":[],"_links":{"self":[{"href":"https:\/\/www.wagnerverlag.at\/content\/index.php?rest_route=\/wp\/v2\/product\/3000"}],"collection":[{"href":"https:\/\/www.wagnerverlag.at\/content\/index.php?rest_route=\/wp\/v2\/product"}],"about":[{"href":"https:\/\/www.wagnerverlag.at\/content\/index.php?rest_route=\/wp\/v2\/types\/product"}],"replies":[{"embeddable":true,"href":"https:\/\/www.wagnerverlag.at\/content\/index.php?rest_route=%2Fwp%2Fv2%2Fcomments&post=3000"}],"wp:featuredmedia":[{"embeddable":true,"href":"https:\/\/www.wagnerverlag.at\/content\/index.php?rest_route=\/wp\/v2\/media\/4126"}],"wp:attachment":[{"href":"https:\/\/www.wagnerverlag.at\/content\/index.php?rest_route=%2Fwp%2Fv2%2Fmedia&parent=3000"}],"wp:term":[{"taxonomy":"product_cat","embeddable":true,"href":"https:\/\/www.wagnerverlag.at\/content\/index.php?rest_route=%2Fwp%2Fv2%2Fproduct_cat&post=3000"},{"taxonomy":"product_tag","embeddable":true,"href":"https:\/\/www.wagnerverlag.at\/content\/index.php?rest_route=%2Fwp%2Fv2%2Fproduct_tag&post=3000"}],"curies":[{"name":"wp","href":"https:\/\/api.w.org\/{rel}","templated":true}]}}